{"id":5126,"date":"2023-03-16T09:03:38","date_gmt":"2023-03-16T08:03:38","guid":{"rendered":"https:\/\/talleres-emit.com\/contadores-electronicos\/compteurs\/"},"modified":"2024-02-26T06:54:02","modified_gmt":"2024-02-26T05:54:02","slug":"compteurs","status":"publish","type":"page","link":"https:\/\/talleres-emit.com\/fr\/compteurs-electroniques\/compteurs\/","title":{"rendered":"Compteurs"},"content":{"rendered":"<div class=\"gb-container gb-container-bb1b89ea\">\n\n<h1 class=\"gb-headline gb-headline-cc06876b gb-headline-text\">COMPTEURS<\/h1>\n\n<\/div>\n\n<div class=\"gb-container gb-container-a2eae4d6 em\">\n<div class=\"gb-grid-wrapper gb-grid-wrapper-d83c5b24\">\n<div class=\"gb-grid-column gb-grid-column-057b1812\"><div class=\"gb-container gb-container-057b1812\">\n<div class=\"gb-container gb-container-fd79e45b\">\n<div class=\"gb-grid-wrapper gb-grid-wrapper-c10523f0\">\n<div class=\"gb-grid-column gb-grid-column-32f23415\"><div class=\"gb-container gb-container-32f23415 em1\"><a class=\"gb-container-link\" href=\"https:\/\/talleres-emit.com\/fr\/compteurs-electroniques\/compteurs\/\"><\/a>\n<div class=\"gb-container gb-container-27d74243\">\n\n<p class=\"gb-headline gb-headline-ccfa3ead gb-headline-text\">Compteurs<\/p>\n\n<\/div>\n<\/div><\/div>\n\n<div class=\"gb-grid-column gb-grid-column-cf66f66c\"><div class=\"gb-container gb-container-cf66f66c em2\"><a class=\"gb-container-link\" href=\"https:\/\/talleres-emit.com\/fr\/compteurs-electroniques\/encodeurs\/\"><\/a>\n<div class=\"gb-container gb-container-bbd1f6b8\">\n\n<p class=\"gb-headline gb-headline-e2ae6a0e gb-headline-text\">Encodeurs<\/p>\n\n<\/div>\n<\/div><\/div>\n\n<div class=\"gb-grid-column gb-grid-column-c763614d\"><div class=\"gb-container gb-container-c763614d em3\"><a class=\"gb-container-link\" href=\"https:\/\/talleres-emit.com\/fr\/compteurs-electroniques\/tachymetres\/\"><\/a>\n<div class=\"gb-container gb-container-5706181b\">\n\n<p class=\"gb-headline gb-headline-98738679 gb-headline-text\">Tachym\u00e8tres<\/p>\n\n<\/div>\n<\/div><\/div>\n\n<div class=\"gb-grid-column gb-grid-column-92c95528\"><div class=\"gb-container gb-container-92c95528 em4\"><a class=\"gb-container-link\" href=\"https:\/\/talleres-emit.com\/fr\/compteurs-electroniques\/leds\/\"><\/a>\n<div class=\"gb-container gb-container-824de101\">\n\n<p class=\"gb-headline gb-headline-becdc656 gb-headline-text\">Leds<\/p>\n\n<\/div>\n<\/div><\/div>\n<\/div>\n<\/div>\n<\/div><\/div>\n<\/div>\n<\/div>\n\n<div class=\"product-container\"><div class=\"product-item\"><div class=\"product-header\"><img decoding=\"async\" src=\"https:\/\/talleres-emit.com\/wp-content\/uploads\/2023\/03\/eme_7r.jpg\" alt=\"DOUBLE CONTR\u00d4LE R\u00c9INITIALISER EM\/E7R\"><\/div><div class=\"product-body\"><h2>DOUBLE CONTR\u00d4LE R\u00c9INITIALISER EM\/E7R<\/h2><div class=\"product-content\"><table class=\"has-global-color-4-background-color has-background\">\n<tbody>\n<tr>\n<td>Chiffres<\/td>\n<td class=\"has-text-align-right\" data-align=\"right\">2x7<\/td>\n<\/tr>\n<tr>\n<td>Voltage<\/td>\n<td class=\"has-text-align-right\" data-align=\"right\">5-24 VDC<\/td>\n<\/tr>\n<tr>\n<td>Connexion<\/td>\n<td class=\"has-text-align-right\" data-align=\"right\">Connecteur 4x2.0<\/td>\n<\/tr>\n<tr>\n<td>R\u00e9initialiser<\/td>\n<td class=\"has-text-align-right\" data-align=\"right\">Oui<\/td>\n<\/tr>\n<tr>\n<td>Poids<\/td>\n<td class=\"has-text-align-right\" data-align=\"right\"><span style=\"font-family: -apple-system, system-ui, BlinkMacSystemFont, 'Segoe UI', Helvetica, Arial, sans-serif, 'Apple Color Emoji', 'Segoe UI Emoji', 'Segoe UI Symbol'; font-size: inherit;\">17,5 cm<\/span><\/td>\n<\/tr>\n<\/tbody>\n<\/table>\n&nbsp;\n\n<a href=\"https:\/\/talleres-emit.com\/wp-content\/uploads\/2023\/05\/EME7R.pdf\" target=\"_blank\" rel=\"noopener\">T\u00e9l\u00e9charger la fiche technique<\/a><\/div><p class=\"product-excerpt\">Double affichage digitale.\nFonctions du collecteur contr\u00f4l\u00e9es par chip ASIC. Max. Vitesse 400 c\/s.\nFonction m\u00e9moire automatique.<\/p><\/div><\/div><div class=\"product-item\"><div class=\"product-header\"><img decoding=\"async\" src=\"https:\/\/talleres-emit.com\/wp-content\/uploads\/2023\/03\/eme_7n.jpg\" alt=\"DOUBLE CONTR\u00d4LE EM\/E7N\"><\/div><div class=\"product-body\"><h2>DOUBLE CONTR\u00d4LE EM\/E7N<\/h2><div class=\"product-content\"><table class=\"has-global-color-4-background-color has-background\">\n<tbody>\n<tr>\n<td>Chiffres<\/td>\n<td class=\"has-text-align-right\" data-align=\"right\">2x7<\/td>\n<\/tr>\n<tr>\n<td>Voltage<\/td>\n<td class=\"has-text-align-right\" data-align=\"right\">4.5 - 13 VDC<\/td>\n<\/tr>\n<tr>\n<td>Connexion<\/td>\n<td class=\"has-text-align-right\" data-align=\"right\">Connecteur 4x2.0<\/td>\n<\/tr>\n<tr>\n<td>R\u00e9initialiser<\/td>\n<td class=\"has-text-align-right\" data-align=\"right\">Non<\/td>\n<\/tr>\n<tr>\n<td>Poids<\/td>\n<td class=\"has-text-align-right\" data-align=\"right\"><span style=\"font-family: -apple-system, system-ui, BlinkMacSystemFont, 'Segoe UI', Helvetica, Arial, sans-serif, 'Apple Color Emoji', 'Segoe UI Emoji', 'Segoe UI Symbol'; font-size: inherit;\">17 g<\/span><\/td>\n<\/tr>\n<\/tbody>\n<\/table>\n&nbsp;\n\n<a href=\"https:\/\/talleres-emit.com\/wp-content\/uploads\/2023\/05\/EME7N.pdf\" target=\"_blank\" rel=\"noopener\">T\u00e9l\u00e9charger la fiche technique<\/a><\/div><p class=\"product-excerpt\">Double affichage digitale.\nFonctions du collecteur contr\u00f4l\u00e9es par chip ASIC. Max. Vitesse 400 c\/s.\nFonction m\u00e9moire automatique.<\/p><\/div><\/div><div class=\"product-item\"><div class=\"product-header\"><img decoding=\"async\" src=\"https:\/\/talleres-emit.com\/wp-content\/uploads\/2023\/03\/eme_8r.jpg\" alt=\"DOUBLE CONTR\u00d4LE R\u00c9INITIALISER EM\/E8R\"><\/div><div class=\"product-body\"><h2>DOUBLE CONTR\u00d4LE R\u00c9INITIALISER EM\/E8R<\/h2><div class=\"product-content\"><table class=\"has-global-color-4-background-color has-background\">\n<tbody>\n<tr>\n<td>Chiffres<\/td>\n<td class=\"has-text-align-right\" data-align=\"right\">2x8<\/td>\n<\/tr>\n<tr>\n<td>Voltage<\/td>\n<td class=\"has-text-align-right\" data-align=\"right\">5-24 VDC<\/td>\n<\/tr>\n<tr>\n<td>Connexion<\/td>\n<td class=\"has-text-align-right\" data-align=\"right\">Connecteur 4x2.0<\/td>\n<\/tr>\n<tr>\n<td>R\u00e9initialiser<\/td>\n<td class=\"has-text-align-right\" data-align=\"right\">Oui<\/td>\n<\/tr>\n<tr>\n<td>Poids<\/td>\n<td class=\"has-text-align-right\" data-align=\"right\"><span style=\"font-family: -apple-system, system-ui, BlinkMacSystemFont, 'Segoe UI', Helvetica, Arial, sans-serif, 'Apple Color Emoji', 'Segoe UI Emoji', 'Segoe UI Symbol'; font-size: inherit;\">18,5 cm<\/span><\/td>\n<\/tr>\n<\/tbody>\n<\/table>\n&nbsp;\n\n<a href=\"https:\/\/talleres-emit.com\/wp-content\/uploads\/2023\/05\/EME8R.pdf\" target=\"_blank\" rel=\"noopener\">T\u00e9l\u00e9charger la fiche technique<\/a><\/div><p class=\"product-excerpt\">Double affichage digitale.\nFonctions du collecteur contr\u00f4l\u00e9es par chip ASIC. Max. Vitesse 400 c\/s.\nFonction m\u00e9moire automatique.<\/p><\/div><\/div><div class=\"product-item\"><div class=\"product-header\"><img decoding=\"async\" src=\"https:\/\/talleres-emit.com\/wp-content\/uploads\/2023\/03\/gc.jpg\" alt=\"AUTO-ALIMENT\u00c9 GC S\u00c9RIES\"><\/div><div class=\"product-body\"><h2>AUTO-ALIMENT\u00c9 GC S\u00c9RIES<\/h2><div class=\"product-content\"><table class=\"has-global-color-4-background-color has-background\">\n<tbody>\n<tr>\n<td>Chiffres<\/td>\n<td class=\"has-text-align-right\" data-align=\"right\">6\/8<\/td>\n<\/tr>\n<tr>\n<td>Montage<\/td>\n<td class=\"has-text-align-right\" data-align=\"right\">Panneau<\/td>\n<\/tr>\n<tr>\n<td>Connexion<\/td>\n<td class=\"has-text-align-right\" data-align=\"right\">Terminal arri\u00e8re<\/td>\n<\/tr>\n<tr>\n<td>R\u00e9initialiser<\/td>\n<td class=\"has-text-align-right\" data-align=\"right\">Devant\/\u00c0 distance<\/td>\n<\/tr>\n<tr>\n<td>Poids<\/td>\n<td class=\"has-text-align-right\" data-align=\"right\"><span style=\"font-family: -apple-system, system-ui, BlinkMacSystemFont, 'Segoe UI', Helvetica, Arial, sans-serif, 'Apple Color Emoji', 'Segoe UI Emoji', 'Segoe UI Symbol'; font-size: inherit;\">60 g<\/span><\/td>\n<\/tr>\n<\/tbody>\n<\/table>\n&nbsp;\n\n<a href=\"https:\/\/talleres-emit.com\/wp-content\/uploads\/2023\/05\/Serie-GH.pdf\" target=\"_blank\" rel=\"noopener\">T\u00e9l\u00e9charger la fiche technique<\/a><\/div><p class=\"product-excerpt\">Affichage digitale.\nVoltage d'entr\u00e9e: Batterie Li Auto-aliment\u00e9, VAC 20-250V \u00f2 VDC 3-30V.\n<\/p><\/div><\/div><div class=\"product-item\"><div class=\"product-header\"><img decoding=\"async\" src=\"https:\/\/talleres-emit.com\/wp-content\/uploads\/2023\/03\/gh.jpg\" alt=\"AUTO-ALIMENT\u00c9 GH S\u00c9RIES\"><\/div><div class=\"product-body\"><h2>AUTO-ALIMENT\u00c9 GH S\u00c9RIES<\/h2><div class=\"product-content\"><table class=\"has-global-color-4-background-color has-background\">\n<tbody>\n<tr>\n<td>Chiffres<\/td>\n<td class=\"has-text-align-right\" data-align=\"right\">6<\/td>\n<\/tr>\n<tr>\n<td>Montage<\/td>\n<td class=\"has-text-align-right\" data-align=\"right\">Panneau<\/td>\n<\/tr>\n<tr>\n<td>Connexion<\/td>\n<td class=\"has-text-align-right\" data-align=\"right\">Terminal arri\u00e8re<\/td>\n<\/tr>\n<tr>\n<td>R\u00e9initialiser<\/td>\n<td class=\"has-text-align-right\" data-align=\"right\">Devant\/\u00c0 distance<\/td>\n<\/tr>\n<tr>\n<td>Poids<\/td>\n<td class=\"has-text-align-right\" data-align=\"right\"><span style=\"font-family: -apple-system, system-ui, BlinkMacSystemFont, 'Segoe UI', Helvetica, Arial, sans-serif, 'Apple Color Emoji', 'Segoe UI Emoji', 'Segoe UI Symbol'; font-size: inherit;\">60 g<\/span><\/td>\n<\/tr>\n<\/tbody>\n<\/table>\n&nbsp;\n\n<a href=\"https:\/\/talleres-emit.com\/wp-content\/uploads\/2023\/05\/Serie-GH.pdf\" target=\"_blank\" rel=\"noopener\">T\u00e9l\u00e9charger la fiche technique<\/a><\/div><p class=\"product-excerpt\">Compte-heures affichage digitale.\nVoltage d'entr\u00e9e: Batterie Li Auto-aliment\u00e9, VAC 20-250V \u00f2 VDC 3-30V.<\/p><\/div><\/div><div class=\"product-item\"><div class=\"product-header\"><img decoding=\"async\" src=\"https:\/\/talleres-emit.com\/wp-content\/uploads\/2023\/03\/g48.jpg\" alt=\"PR\u00c9S\u00c9LECTION G48 S\u00c9RIES\"><\/div><div class=\"product-body\"><h2>PR\u00c9S\u00c9LECTION G48 S\u00c9RIES<\/h2><div class=\"product-content\"><table class=\"has-global-color-4-background-color has-background\">\n<tbody>\n<tr>\n<td>Chiffres<\/td>\n<td class=\"has-text-align-right\" data-align=\"right\">6<\/td>\n<\/tr>\n<tr>\n<td>Voltage<\/td>\n<td class=\"has-text-align-right\" data-align=\"right\">12-24 VDC \/ 100-240 VAC<\/td>\n<\/tr>\n<tr>\n<td>Montage<\/td>\n<td class=\"has-text-align-right\" data-align=\"right\">Panneau<\/td>\n<\/tr>\n<tr>\n<td>R\u00e9initialiser<\/td>\n<td class=\"has-text-align-right\" data-align=\"right\">Auto<\/td>\n<\/tr>\n<tr>\n<td>Pr\u00e9s\u00e9lection<\/td>\n<td class=\"has-text-align-right\" data-align=\"right\"><span style=\"font-family: -apple-system, system-ui, BlinkMacSystemFont, 'Segoe UI', Helvetica, Arial, sans-serif, 'Apple Color Emoji', 'Segoe UI Emoji', 'Segoe UI Symbol'; font-size: inherit;\">1\/2 cm<\/span><\/td>\n<\/tr>\n<\/tbody>\n<\/table>\n&nbsp;\n\n<a href=\"https:\/\/talleres-emit.com\/wp-content\/uploads\/2023\/05\/Serie-G48.pdf\" target=\"_blank\" rel=\"noopener\">T\u00e9l\u00e9charger la fiche technique<\/a><\/div><p class=\"product-excerpt\">Double affichage digitale.\nVitesse: 30-1000-5000 Hz.\nContour \u00e0 encastrer 45x45.<\/p><\/div><\/div><\/div>\n","protected":false},"excerpt":{"rendered":"<p>COMPTEURS<\/p>\n","protected":false},"author":3,"featured_media":0,"parent":4684,"menu_order":0,"comment_status":"closed","ping_status":"closed","template":"","meta":{"footnotes":""},"yoast_head":"<!-- This site is optimized with the Yoast SEO plugin v22.1 - https:\/\/yoast.com\/wordpress\/plugins\/seo\/ -->\n<title>Compteurs - Talleres Emit<\/title>\n<meta name=\"robots\" content=\"index, follow, max-snippet:-1, max-image-preview:large, max-video-preview:-1\" \/>\n<link rel=\"canonical\" href=\"https:\/\/talleres-emit.com\/fr\/compteurs-electroniques\/compteurs\/\" \/>\n<meta property=\"og:locale\" content=\"fr_FR\" \/>\n<meta property=\"og:type\" content=\"article\" \/>\n<meta property=\"og:title\" content=\"Compteurs - Talleres Emit\" \/>\n<meta property=\"og:description\" content=\"COMPTEURS\" \/>\n<meta property=\"og:url\" content=\"https:\/\/talleres-emit.com\/fr\/compteurs-electroniques\/compteurs\/\" \/>\n<meta property=\"og:site_name\" content=\"Talleres Emit\" \/>\n<meta property=\"article:modified_time\" content=\"2024-02-26T05:54:02+00:00\" \/>\n<meta name=\"twitter:card\" content=\"summary_large_image\" \/>\n<meta name=\"twitter:label1\" content=\"Dur\u00e9e de lecture estim\u00e9e\" \/>\n\t<meta name=\"twitter:data1\" content=\"1 minute\" \/>\n<script type=\"application\/ld+json\" class=\"yoast-schema-graph\">{\"@context\":\"https:\/\/schema.org\",\"@graph\":[{\"@type\":\"WebPage\",\"@id\":\"https:\/\/talleres-emit.com\/fr\/compteurs-electroniques\/compteurs\/\",\"url\":\"https:\/\/talleres-emit.com\/fr\/compteurs-electroniques\/compteurs\/\",\"name\":\"Compteurs - Talleres Emit\",\"isPartOf\":{\"@id\":\"https:\/\/talleres-emit.com\/ca\/#website\"},\"datePublished\":\"2023-03-16T08:03:38+00:00\",\"dateModified\":\"2024-02-26T05:54:02+00:00\",\"breadcrumb\":{\"@id\":\"https:\/\/talleres-emit.com\/fr\/compteurs-electroniques\/compteurs\/#breadcrumb\"},\"inLanguage\":\"fr-FR\",\"potentialAction\":[{\"@type\":\"ReadAction\",\"target\":[\"https:\/\/talleres-emit.com\/fr\/compteurs-electroniques\/compteurs\/\"]}]},{\"@type\":\"BreadcrumbList\",\"@id\":\"https:\/\/talleres-emit.com\/fr\/compteurs-electroniques\/compteurs\/#breadcrumb\",\"itemListElement\":[{\"@type\":\"ListItem\",\"position\":1,\"name\":\"Portada\",\"item\":\"https:\/\/talleres-emit.com\/fr\/\"},{\"@type\":\"ListItem\",\"position\":2,\"name\":\"Compteurs \u00e9lectroniques\",\"item\":\"https:\/\/talleres-emit.com\/fr\/compteurs-electroniques\/\"},{\"@type\":\"ListItem\",\"position\":3,\"name\":\"Compteurs\"}]},{\"@type\":\"WebSite\",\"@id\":\"https:\/\/talleres-emit.com\/ca\/#website\",\"url\":\"https:\/\/talleres-emit.com\/ca\/\",\"name\":\"Talleres Emit\",\"description\":\"\",\"publisher\":{\"@id\":\"https:\/\/talleres-emit.com\/ca\/#organization\"},\"potentialAction\":[{\"@type\":\"SearchAction\",\"target\":{\"@type\":\"EntryPoint\",\"urlTemplate\":\"https:\/\/talleres-emit.com\/ca\/?s={search_term_string}\"},\"query-input\":\"required name=search_term_string\"}],\"inLanguage\":\"fr-FR\"},{\"@type\":\"Organization\",\"@id\":\"https:\/\/talleres-emit.com\/ca\/#organization\",\"name\":\"Talleres Emit\",\"url\":\"https:\/\/talleres-emit.com\/ca\/\",\"logo\":{\"@type\":\"ImageObject\",\"inLanguage\":\"fr-FR\",\"@id\":\"https:\/\/talleres-emit.com\/ca\/#\/schema\/logo\/image\/\",\"url\":\"https:\/\/talleres-emit.com\/wp-content\/uploads\/2023\/03\/logo.png\",\"contentUrl\":\"https:\/\/talleres-emit.com\/wp-content\/uploads\/2023\/03\/logo.png\",\"width\":206,\"height\":82,\"caption\":\"Talleres Emit\"},\"image\":{\"@id\":\"https:\/\/talleres-emit.com\/ca\/#\/schema\/logo\/image\/\"}}]}<\/script>\n<!-- \/ Yoast SEO plugin. -->","yoast_head_json":{"title":"Compteurs - Talleres Emit","robots":{"index":"index","follow":"follow","max-snippet":"max-snippet:-1","max-image-preview":"max-image-preview:large","max-video-preview":"max-video-preview:-1"},"canonical":"https:\/\/talleres-emit.com\/fr\/compteurs-electroniques\/compteurs\/","og_locale":"fr_FR","og_type":"article","og_title":"Compteurs - Talleres Emit","og_description":"COMPTEURS","og_url":"https:\/\/talleres-emit.com\/fr\/compteurs-electroniques\/compteurs\/","og_site_name":"Talleres Emit","article_modified_time":"2024-02-26T05:54:02+00:00","twitter_card":"summary_large_image","twitter_misc":{"Dur\u00e9e de lecture estim\u00e9e":"1 minute"},"schema":{"@context":"https:\/\/schema.org","@graph":[{"@type":"WebPage","@id":"https:\/\/talleres-emit.com\/fr\/compteurs-electroniques\/compteurs\/","url":"https:\/\/talleres-emit.com\/fr\/compteurs-electroniques\/compteurs\/","name":"Compteurs - Talleres Emit","isPartOf":{"@id":"https:\/\/talleres-emit.com\/ca\/#website"},"datePublished":"2023-03-16T08:03:38+00:00","dateModified":"2024-02-26T05:54:02+00:00","breadcrumb":{"@id":"https:\/\/talleres-emit.com\/fr\/compteurs-electroniques\/compteurs\/#breadcrumb"},"inLanguage":"fr-FR","potentialAction":[{"@type":"ReadAction","target":["https:\/\/talleres-emit.com\/fr\/compteurs-electroniques\/compteurs\/"]}]},{"@type":"BreadcrumbList","@id":"https:\/\/talleres-emit.com\/fr\/compteurs-electroniques\/compteurs\/#breadcrumb","itemListElement":[{"@type":"ListItem","position":1,"name":"Portada","item":"https:\/\/talleres-emit.com\/fr\/"},{"@type":"ListItem","position":2,"name":"Compteurs \u00e9lectroniques","item":"https:\/\/talleres-emit.com\/fr\/compteurs-electroniques\/"},{"@type":"ListItem","position":3,"name":"Compteurs"}]},{"@type":"WebSite","@id":"https:\/\/talleres-emit.com\/ca\/#website","url":"https:\/\/talleres-emit.com\/ca\/","name":"Talleres Emit","description":"","publisher":{"@id":"https:\/\/talleres-emit.com\/ca\/#organization"},"potentialAction":[{"@type":"SearchAction","target":{"@type":"EntryPoint","urlTemplate":"https:\/\/talleres-emit.com\/ca\/?s={search_term_string}"},"query-input":"required name=search_term_string"}],"inLanguage":"fr-FR"},{"@type":"Organization","@id":"https:\/\/talleres-emit.com\/ca\/#organization","name":"Talleres Emit","url":"https:\/\/talleres-emit.com\/ca\/","logo":{"@type":"ImageObject","inLanguage":"fr-FR","@id":"https:\/\/talleres-emit.com\/ca\/#\/schema\/logo\/image\/","url":"https:\/\/talleres-emit.com\/wp-content\/uploads\/2023\/03\/logo.png","contentUrl":"https:\/\/talleres-emit.com\/wp-content\/uploads\/2023\/03\/logo.png","width":206,"height":82,"caption":"Talleres Emit"},"image":{"@id":"https:\/\/talleres-emit.com\/ca\/#\/schema\/logo\/image\/"}}]}},"_links":{"self":[{"href":"https:\/\/talleres-emit.com\/fr\/wp-json\/wp\/v2\/pages\/5126"}],"collection":[{"href":"https:\/\/talleres-emit.com\/fr\/wp-json\/wp\/v2\/pages"}],"about":[{"href":"https:\/\/talleres-emit.com\/fr\/wp-json\/wp\/v2\/types\/page"}],"author":[{"embeddable":true,"href":"https:\/\/talleres-emit.com\/fr\/wp-json\/wp\/v2\/users\/3"}],"replies":[{"embeddable":true,"href":"https:\/\/talleres-emit.com\/fr\/wp-json\/wp\/v2\/comments?post=5126"}],"version-history":[{"count":4,"href":"https:\/\/talleres-emit.com\/fr\/wp-json\/wp\/v2\/pages\/5126\/revisions"}],"predecessor-version":[{"id":6420,"href":"https:\/\/talleres-emit.com\/fr\/wp-json\/wp\/v2\/pages\/5126\/revisions\/6420"}],"up":[{"embeddable":true,"href":"https:\/\/talleres-emit.com\/fr\/wp-json\/wp\/v2\/pages\/4684"}],"wp:attachment":[{"href":"https:\/\/talleres-emit.com\/fr\/wp-json\/wp\/v2\/media?parent=5126"}],"curies":[{"name":"wp","href":"https:\/\/api.w.org\/{rel}","templated":true}]}}