{"id":4845,"date":"2023-03-16T08:48:44","date_gmt":"2023-03-16T07:48:44","guid":{"rendered":"https:\/\/talleres-emit.com\/contadores-mecanicos\/compteurs-de-tours\/"},"modified":"2024-02-26T07:27:34","modified_gmt":"2024-02-26T06:27:34","slug":"compteurs-de-tours","status":"publish","type":"page","link":"https:\/\/talleres-emit.com\/fr\/compteurs-mecaniques\/compteurs-de-tours\/","title":{"rendered":"Compte-Tours"},"content":{"rendered":"<div class=\"gb-container gb-container-bb1b89ea\">\n\n<h1 class=\"gb-headline gb-headline-cc06876b gb-headline-text\">COMPTE-TOURS<\/h1>\n\n<\/div>\n\n<div class=\"gb-container gb-container-a2eae4d6 em\">\n<div class=\"gb-grid-wrapper gb-grid-wrapper-d83c5b24\">\n<div class=\"gb-grid-column gb-grid-column-057b1812\"><div class=\"gb-container gb-container-057b1812\">\n<div class=\"gb-container gb-container-fd79e45b\">\n<div class=\"gb-grid-wrapper gb-grid-wrapper-c10523f0\">\n<div class=\"gb-grid-column gb-grid-column-32f23415\"><div class=\"gb-container gb-container-32f23415 em1\"><a class=\"gb-container-link\" href=\"https:\/\/talleres-emit.com\/fr\/compteurs-mecaniques\/compteurs-de-coups\/\"><\/a>\n<div class=\"gb-container gb-container-27d74243\">\n\n<p class=\"gb-headline gb-headline-ccfa3ead gb-headline-text\">Compte-Coups<\/p>\n\n<\/div>\n<\/div><\/div>\n\n<div class=\"gb-grid-column gb-grid-column-cf66f66c\"><div class=\"gb-container gb-container-cf66f66c em2\"><a class=\"gb-container-link\" href=\"https:\/\/talleres-emit.com\/fr\/compteurs-mecaniques\/compteurs-de-tours\/\"><\/a>\n<div class=\"gb-container gb-container-bbd1f6b8\">\n\n<p class=\"gb-headline gb-headline-e2ae6a0e gb-headline-text\">Compte-Tours<\/p>\n\n<\/div>\n<\/div><\/div>\n\n<div class=\"gb-grid-column gb-grid-column-c763614d\"><div class=\"gb-container gb-container-c763614d em3\"><a class=\"gb-container-link\" href=\"https:\/\/talleres-emit.com\/fr\/compteurs-mecaniques\/compte-metres\/\"><\/a>\n<div class=\"gb-container gb-container-5706181b\">\n\n<p class=\"gb-headline gb-headline-98738679 gb-headline-text\">Compte-M\u00e8tres<\/p>\n\n<\/div>\n<\/div><\/div>\n\n<div class=\"gb-grid-column gb-grid-column-92c95528\"><div class=\"gb-container gb-container-92c95528 em4\"><a class=\"gb-container-link\" href=\"https:\/\/talleres-emit.com\/fr\/compteurs-mecaniques\/afficheurs\/\"><\/a>\n<div class=\"gb-container gb-container-824de101\">\n\n<p class=\"gb-headline gb-headline-becdc656 gb-headline-text\">Afficheurs<\/p>\n\n<\/div>\n<\/div><\/div>\n<\/div>\n<\/div>\n<\/div><\/div>\n<\/div>\n<\/div>\n\n<div class=\"product-container\"><div class=\"product-item\"><div class=\"product-header\"><img decoding=\"async\" src=\"https:\/\/talleres-emit.com\/wp-content\/uploads\/2023\/03\/5r.jpg\" alt=\"COMPTE-TOURS 5R\"><\/div><div class=\"product-body\"><h2>COMPTE-TOURS 5R<\/h2><div class=\"product-content\"><table class=\"has-global-color-4-background-color has-background\">\n<tbody>\n<tr>\n<td><strong>Chiffres<\/strong><\/td>\n<td class=\"has-text-align-right\" data-align=\"right\">5<\/td>\n<\/tr>\n<tr>\n<td>Hauteur des chiffres<\/td>\n<td class=\"has-text-align-right\" data-align=\"right\">4.5 mm<\/td>\n<\/tr>\n<tr>\n<td>Max. Vitesse<\/td>\n<td class=\"has-text-align-right\" data-align=\"right\">5000 rpm<\/td>\n<\/tr>\n<tr>\n<td>R\u00e9initialiser<\/td>\n<td class=\"has-text-align-right\" data-align=\"right\">Bouton<\/td>\n<\/tr>\n<\/tbody>\n<\/table>\n&nbsp;\n\n<a href=\"https:\/\/talleres-emit.com\/wp-content\/uploads\/2023\/05\/5r.pdf\" target=\"_blank\" rel=\"noopener\">T\u00e9l\u00e9charger la fiche technique<\/a><\/div><p class=\"product-excerpt\">Position de l'arbre d'impulsion dans les deux c\u00f4t\u00e9s. Addition\/Soustraction variable selon besoin.\n<\/p><\/div><\/div><div class=\"product-item\"><div class=\"product-header\"><img decoding=\"async\" src=\"https:\/\/talleres-emit.com\/wp-content\/uploads\/2023\/03\/5re.jpg\" alt=\"COMPTE-TOURS 5RE\"><\/div><div class=\"product-body\"><h2>COMPTE-TOURS 5RE<\/h2><div class=\"product-content\"><table class=\"has-global-color-4-background-color has-background\">\n<tbody>\n<tr>\n<td><strong>Chiffres<\/strong><\/td>\n<td class=\"has-text-align-right\" data-align=\"right\">5<\/td>\n<\/tr>\n<tr>\n<td>Hauteur des chiffres<\/td>\n<td class=\"has-text-align-right\" data-align=\"right\">4.5 mm<\/td>\n<\/tr>\n<tr>\n<td>Relation de tour<\/td>\n<td class=\"has-text-align-right\" data-align=\"right\">1t=5 nums<\/td>\n<\/tr>\n<tr>\n<td>R\u00e9initialiser<\/td>\n<td class=\"has-text-align-right\" data-align=\"right\">Roulette<\/td>\n<\/tr>\n<\/tbody>\n<\/table>\n&nbsp;\n\n<a href=\"https:\/\/talleres-emit.com\/wp-content\/uploads\/2023\/05\/7r.pdf\" target=\"_blank\" rel=\"noopener\">T\u00e9l\u00e9charger la fiche technique<\/a><\/div><p class=\"product-excerpt\">Sp\u00e9cial pour l'utilisation dans des environnements d\u00e9favorables: industries chimiques, plein air, ... etc.<\/p><\/div><\/div><div class=\"product-item\"><div class=\"product-header\"><img decoding=\"async\" src=\"https:\/\/talleres-emit.com\/wp-content\/uploads\/2023\/03\/6r.jpg\" alt=\"COMPTE-TOURS 6R\"><\/div><div class=\"product-body\"><h2>COMPTE-TOURS 6R<\/h2><div class=\"product-content\"><table class=\"has-global-color-4-background-color has-background\">\n<tbody>\n<tr>\n<td><strong>Chiffres<\/strong><\/td>\n<td class=\"has-text-align-right\" data-align=\"right\">5<\/td>\n<\/tr>\n<tr>\n<td>Hauteur des chiffres<\/td>\n<td class=\"has-text-align-right\" data-align=\"right\">8 mm<\/td>\n<\/tr>\n<tr>\n<td>Max. Vitesse<\/td>\n<td class=\"has-text-align-right\" data-align=\"right\">600 rpm<\/td>\n<\/tr>\n<tr>\n<td>R\u00e9initialiser<\/td>\n<td class=\"has-text-align-right\" data-align=\"right\"><span style=\"font-family: -apple-system, system-ui, BlinkMacSystemFont, 'Segoe UI', Helvetica, Arial, sans-serif, 'Apple Color Emoji', 'Segoe UI Emoji', 'Segoe UI Symbol'; font-size: inherit;\">Cl\u00e9<\/span><\/td>\n<\/tr>\n<\/tbody>\n<\/table>\n&nbsp;\n\n<a href=\"https:\/\/talleres-emit.com\/wp-content\/uploads\/2023\/05\/5r.pdf\" target=\"_blank\" rel=\"noopener\">T\u00e9l\u00e9charger la fiche technique<\/a><\/div><p class=\"product-excerpt\">Position de l'arbre d'impulsion dans les deux c\u00f4t\u00e9s. Addition\/Soustraction variable selon besoin.<\/p><\/div><\/div><div class=\"product-item\"><div class=\"product-header\"><img decoding=\"async\" src=\"https:\/\/talleres-emit.com\/wp-content\/uploads\/2023\/03\/7r.jpg\" alt=\"COMPTE-TOURS 7R\"><\/div><div class=\"product-body\"><h2>COMPTE-TOURS 7R<\/h2><div class=\"product-content\"><table class=\"has-global-color-4-background-color has-background\">\n<tbody>\n<tr>\n<td><strong>Chiffres<\/strong><\/td>\n<td class=\"has-text-align-right\" data-align=\"right\">5<\/td>\n<\/tr>\n<tr>\n<td>Hauteur des chiffres<\/td>\n<td class=\"has-text-align-right\" data-align=\"right\">4.5 mm<\/td>\n<\/tr>\n<tr>\n<td>Max. Vitesse<\/td>\n<td class=\"has-text-align-right\" data-align=\"right\">200 rpm<\/td>\n<\/tr>\n<tr>\n<td>R\u00e9initialiser<\/td>\n<td class=\"has-text-align-right\" data-align=\"right\">Bouton<\/td>\n<\/tr>\n<\/tbody>\n<\/table>\n&nbsp;\n\n<a href=\"https:\/\/talleres-emit.com\/wp-content\/uploads\/2023\/05\/7r.pdf\" target=\"_blank\" rel=\"noopener\">T\u00e9l\u00e9charger la fiche technique<\/a><\/div><p class=\"product-excerpt\">Position de l'impulsion sur la droite. Addition\/Soustraction variable selon besoin.\nSp\u00e9cial pour machines de comptage des pi\u00e8ces de monnaie.<\/p><\/div><\/div><div class=\"product-item\"><div class=\"product-header\"><img decoding=\"async\" src=\"https:\/\/talleres-emit.com\/wp-content\/uploads\/2023\/03\/9r.jpg\" alt=\"COMPTE-TOURS 9R\"><\/div><div class=\"product-body\"><h2>COMPTE-TOURS 9R<\/h2><div class=\"product-content\"><table class=\"has-global-color-4-background-color has-background\">\n<tbody>\n<tr>\n<td><strong>Chiffres<\/strong><\/td>\n<td class=\"has-text-align-right\" data-align=\"right\">5<\/td>\n<\/tr>\n<tr>\n<td>Hauteur des chiffres<\/td>\n<td class=\"has-text-align-right\" data-align=\"right\">4.5 mm<\/td>\n<\/tr>\n<tr>\n<td>Max. Vitesse<\/td>\n<td class=\"has-text-align-right\" data-align=\"right\">6000 cpm<\/td>\n<\/tr>\n<tr>\n<td>R\u00e9initialiser<\/td>\n<td class=\"has-text-align-right\" data-align=\"right\">Bouton<\/td>\n<\/tr>\n<\/tbody>\n<\/table>\n&nbsp;\n\n<a href=\"https:\/\/talleres-emit.com\/wp-content\/uploads\/2023\/05\/9r.pdf\" target=\"_blank\" rel=\"noopener\">T\u00e9l\u00e9charger la fiche technique<\/a><\/div><p class=\"product-excerpt\">Sum quel que soit le sens de rotation.\nEmbout en caoutchouc suppl\u00e9mentaire. (RGNR).\n<\/p><\/div><\/div><div class=\"product-item\"><div class=\"product-header\"><img decoding=\"async\" src=\"https:\/\/talleres-emit.com\/wp-content\/uploads\/2023\/04\/5RZ.jpg\" alt=\"COMPTE-COUPS 5RZ\"><\/div><div class=\"product-body\"><h2>COMPTE-COUPS 5RZ<\/h2><div class=\"product-content\"><table class=\"has-global-color-4-background-color has-background\">\r\n<tbody>\r\n<tr>\r\n<td><strong>Chiffres<\/strong><\/td>\r\n<td class=\"has-text-align-right\" data-align=\"right\">5<\/td>\r\n<\/tr>\r\n<tr>\r\n<td>Hauteur des chiffres<\/td>\r\n<td class=\"has-text-align-right\" data-align=\"right\">4 mm<\/td>\r\n<\/tr>\r\n<tr>\r\n<td>Max. Vitesse<\/td>\r\n<td class=\"has-text-align-right\" data-align=\"right\">1500 rev\/min<\/td>\r\n<\/tr>\r\n<tr>\r\n<td>R\u00e9initialisation<\/td>\r\n<td class=\"has-text-align-right\" data-align=\"right\">Roulette<\/td>\r\n<\/tr>\r\n<tr>\r\n<td>Poids<\/td>\r\n<td class=\"has-text-align-right\" data-align=\"right\">0,125kg<\/td>\r\n<\/tr>\r\n<\/tbody>\r\n<\/table>\r\n&nbsp;\r\n\r\n<a href=\"https:\/\/talleres-emit.com\/wp-content\/uploads\/2024\/01\/5RZ.6RZ.pdf\" target=\"_blank\" rel=\"noopener\">T\u00e9l\u00e9charger la fiche technique<\/a><\/div><p class=\"product-excerpt\">Axe de momentum des deux c\u00f4t\u00e9s \r\nAddition\/soustraction et sens de rotation selon l'ordre pour commander <\/p><\/div><\/div><div class=\"product-item\"><div class=\"product-header\"><img decoding=\"async\" src=\"https:\/\/talleres-emit.com\/wp-content\/uploads\/2023\/04\/emit_6RZ.jpg\" alt=\"COMPTE-COUPS 6RZ\"><\/div><div class=\"product-body\"><h2>COMPTE-COUPS 6RZ<\/h2><div class=\"product-content\"><table class=\"has-global-color-4-background-color has-background\">\r\n<tbody>\r\n<tr>\r\n<td><strong>Chiffres<\/strong><\/td>\r\n<td class=\"has-text-align-right\" data-align=\"right\">6<\/td>\r\n<\/tr>\r\n<tr>\r\n<td>Hauteur des chiffres<\/td>\r\n<td class=\"has-text-align-right\" data-align=\"right\">4,5 mm<\/td>\r\n<\/tr>\r\n<tr>\r\n<td>Max.Vitesse<\/td>\r\n<td class=\"has-text-align-right\" data-align=\"right\">2000 rev\/min<\/td>\r\n<\/tr>\r\n<tr>\r\n<td>R\u00e9initialisation<\/td>\r\n<td class=\"has-text-align-right\" data-align=\"right\">Levier<\/td>\r\n<\/tr>\r\n<tr>\r\n<td>Poids<\/td>\r\n<td class=\"has-text-align-right\" data-align=\"right\"><span style=\"font-family: -apple-system, system-ui, BlinkMacSystemFont, 'Segoe UI', Helvetica, Arial, sans-serif, 'Apple Color Emoji', 'Segoe UI Emoji', 'Segoe UI Symbol'; font-size: inherit;\">0,250 kg<\/span><\/td>\r\n<\/tr>\r\n<\/tbody>\r\n<\/table>\r\n&nbsp;\r\n\r\n<a href=\"https:\/\/talleres-emit.com\/wp-content\/uploads\/2024\/01\/5RZ.6RZ.pdf\" target=\"_blank\" rel=\"noopener\">T\u00e9l\u00e9charger la fiche technique<\/a><\/div><p class=\"product-excerpt\">Axe de momentum des deux c\u00f4t\u00e9s \r\nAddition\/soustraction et sens de rotation selon l'ordre pour commander <\/p><\/div><\/div><div class=\"product-item\"><div class=\"product-header\"><img decoding=\"async\" src=\"https:\/\/talleres-emit.com\/wp-content\/uploads\/2023\/11\/6RRImagen1-002-e1710924011182.jpg\" alt=\"COMPTE-TOURS 6RR\"><\/div><div class=\"product-body\"><h2>COMPTE-TOURS 6RR<\/h2><div class=\"product-content\"><table class=\"has-global-color-4-background-color has-background\">\r\n<tbody>\r\n<tr>\r\n<td><strong>Chiffres<\/strong><\/td>\r\n<td class=\"has-text-align-right\" data-align=\"right\">6<\/td>\r\n<\/tr>\r\n<tr>\r\n<td>Hauteur des chiffres<\/td>\r\n<td class=\"has-text-align-right\" data-align=\"right\">7 mm<\/td>\r\n<\/tr>\r\n<tr>\r\n<td>Max. Vitesse<\/td>\r\n<td class=\"has-text-align-right\" data-align=\"right\">6000 Rev\/min<\/td>\r\n<\/tr>\r\n<tr>\r\n<td>R\u00e9initialisation<\/td>\r\n<td class=\"has-text-align-right\" data-align=\"right\">Bouton<\/td>\r\n<\/tr>\r\n<tr>\r\n<td>Poids<\/td>\r\n<td class=\"has-text-align-right\" data-align=\"right\">0,750 kg<\/td>\r\n<\/tr>\r\n<\/tbody>\r\n<\/table>\r\n&nbsp;\r\n\r\n<a href=\"https:\/\/talleres-emit.com\/wp-content\/uploads\/2024\/01\/6RR.pdf\" target=\"_blank\" rel=\"noopener\">T\u00e9l\u00e9charger la fiche technique<\/a><\/div><p class=\"product-excerpt\">Axe de momentum des deux c\u00f4t\u00e9s \r\nAddition\/soustraction et sens de rotation selon l'ordre pour commander \r\n<\/p><\/div><\/div><div class=\"product-item\"><div class=\"product-header\"><img decoding=\"async\" src=\"https:\/\/talleres-emit.com\/wp-content\/uploads\/2023\/03\/12epr.jpg\" alt=\"COMPTE-TOURS PRES\u00c9LECTION 12EPR\"><\/div><div class=\"product-body\"><h2>COMPTE-TOURS PRES\u00c9LECTION 12EPR<\/h2><div class=\"product-content\"><table class=\"has-global-color-4-background-color has-background\">\r\n<tbody>\r\n<tr>\r\n<td><strong>Chiffres<\/strong><\/td>\r\n<td class=\"has-text-align-right\" data-align=\"right\">5<\/td>\r\n<\/tr>\r\n<tr>\r\n<td>Hauteur des chiffres<\/td>\r\n<td class=\"has-text-align-right\" data-align=\"right\">7 mm<\/td>\r\n<\/tr>\r\n<tr>\r\n<td>R\u00e9initialiser<\/td>\r\n<td class=\"has-text-align-right\" data-align=\"right\">Bouton<\/td>\r\n<\/tr>\r\n<tr>\r\n<td>Poids<\/td>\r\n<td class=\"has-text-align-right\" data-align=\"right\">0,430Kg<\/td>\r\n<\/tr>\r\n<\/tbody>\r\n<\/table>\r\n&nbsp;\r\n\r\n<a href=\"https:\/\/talleres-emit.com\/wp-content\/uploads\/2023\/05\/12epr.pdf\" target=\"_blank\" rel=\"noopener\">T\u00e9l\u00e9charger la fiche technique<\/a><\/div><p class=\"product-excerpt\">Position de l'arbre d'impulsion dans les deux c\u00f4t\u00e9s. Addition\/Soustraction variable selon besoin.\r\nRelation de tour: 1 tour = 1m.\r\nCourt le signal \u00e9lectrique lorsqu'il atteint z\u00e9ro, soustrayant un chiffre pr\u00e9s\u00e9lectionn\u00e9.<\/p><\/div><\/div><\/div>\n","protected":false},"excerpt":{"rendered":"<p>COMPTE-TOURS<\/p>\n","protected":false},"author":3,"featured_media":0,"parent":4690,"menu_order":0,"comment_status":"closed","ping_status":"closed","template":"","meta":{"footnotes":""},"yoast_head":"<!-- This site is optimized with the Yoast SEO plugin v22.1 - https:\/\/yoast.com\/wordpress\/plugins\/seo\/ -->\n<title>Compte-Tours - Talleres Emit<\/title>\n<meta name=\"robots\" content=\"index, follow, max-snippet:-1, max-image-preview:large, max-video-preview:-1\" \/>\n<link rel=\"canonical\" href=\"https:\/\/talleres-emit.com\/fr\/compteurs-mecaniques\/compteurs-de-tours\/\" \/>\n<meta property=\"og:locale\" content=\"fr_FR\" \/>\n<meta property=\"og:type\" content=\"article\" \/>\n<meta property=\"og:title\" content=\"Compte-Tours - Talleres Emit\" \/>\n<meta property=\"og:description\" content=\"COMPTE-TOURS\" \/>\n<meta property=\"og:url\" content=\"https:\/\/talleres-emit.com\/fr\/compteurs-mecaniques\/compteurs-de-tours\/\" \/>\n<meta property=\"og:site_name\" content=\"Talleres Emit\" \/>\n<meta property=\"article:modified_time\" content=\"2024-02-26T06:27:34+00:00\" \/>\n<meta name=\"twitter:card\" content=\"summary_large_image\" \/>\n<meta name=\"twitter:label1\" content=\"Dur\u00e9e de lecture estim\u00e9e\" \/>\n\t<meta name=\"twitter:data1\" content=\"1 minute\" \/>\n<script type=\"application\/ld+json\" class=\"yoast-schema-graph\">{\"@context\":\"https:\/\/schema.org\",\"@graph\":[{\"@type\":\"WebPage\",\"@id\":\"https:\/\/talleres-emit.com\/fr\/compteurs-mecaniques\/compteurs-de-tours\/\",\"url\":\"https:\/\/talleres-emit.com\/fr\/compteurs-mecaniques\/compteurs-de-tours\/\",\"name\":\"Compte-Tours - Talleres Emit\",\"isPartOf\":{\"@id\":\"https:\/\/talleres-emit.com\/ca\/#website\"},\"datePublished\":\"2023-03-16T07:48:44+00:00\",\"dateModified\":\"2024-02-26T06:27:34+00:00\",\"breadcrumb\":{\"@id\":\"https:\/\/talleres-emit.com\/fr\/compteurs-mecaniques\/compteurs-de-tours\/#breadcrumb\"},\"inLanguage\":\"fr-FR\",\"potentialAction\":[{\"@type\":\"ReadAction\",\"target\":[\"https:\/\/talleres-emit.com\/fr\/compteurs-mecaniques\/compteurs-de-tours\/\"]}]},{\"@type\":\"BreadcrumbList\",\"@id\":\"https:\/\/talleres-emit.com\/fr\/compteurs-mecaniques\/compteurs-de-tours\/#breadcrumb\",\"itemListElement\":[{\"@type\":\"ListItem\",\"position\":1,\"name\":\"Portada\",\"item\":\"https:\/\/talleres-emit.com\/fr\/\"},{\"@type\":\"ListItem\",\"position\":2,\"name\":\"Compteurs m\u00e9caniques\",\"item\":\"https:\/\/talleres-emit.com\/fr\/compteurs-mecaniques\/\"},{\"@type\":\"ListItem\",\"position\":3,\"name\":\"Compte-Tours\"}]},{\"@type\":\"WebSite\",\"@id\":\"https:\/\/talleres-emit.com\/ca\/#website\",\"url\":\"https:\/\/talleres-emit.com\/ca\/\",\"name\":\"Talleres Emit\",\"description\":\"\",\"publisher\":{\"@id\":\"https:\/\/talleres-emit.com\/ca\/#organization\"},\"potentialAction\":[{\"@type\":\"SearchAction\",\"target\":{\"@type\":\"EntryPoint\",\"urlTemplate\":\"https:\/\/talleres-emit.com\/ca\/?s={search_term_string}\"},\"query-input\":\"required name=search_term_string\"}],\"inLanguage\":\"fr-FR\"},{\"@type\":\"Organization\",\"@id\":\"https:\/\/talleres-emit.com\/ca\/#organization\",\"name\":\"Talleres Emit\",\"url\":\"https:\/\/talleres-emit.com\/ca\/\",\"logo\":{\"@type\":\"ImageObject\",\"inLanguage\":\"fr-FR\",\"@id\":\"https:\/\/talleres-emit.com\/ca\/#\/schema\/logo\/image\/\",\"url\":\"https:\/\/talleres-emit.com\/wp-content\/uploads\/2023\/03\/logo.png\",\"contentUrl\":\"https:\/\/talleres-emit.com\/wp-content\/uploads\/2023\/03\/logo.png\",\"width\":206,\"height\":82,\"caption\":\"Talleres Emit\"},\"image\":{\"@id\":\"https:\/\/talleres-emit.com\/ca\/#\/schema\/logo\/image\/\"}}]}<\/script>\n<!-- \/ Yoast SEO plugin. -->","yoast_head_json":{"title":"Compte-Tours - Talleres Emit","robots":{"index":"index","follow":"follow","max-snippet":"max-snippet:-1","max-image-preview":"max-image-preview:large","max-video-preview":"max-video-preview:-1"},"canonical":"https:\/\/talleres-emit.com\/fr\/compteurs-mecaniques\/compteurs-de-tours\/","og_locale":"fr_FR","og_type":"article","og_title":"Compte-Tours - Talleres Emit","og_description":"COMPTE-TOURS","og_url":"https:\/\/talleres-emit.com\/fr\/compteurs-mecaniques\/compteurs-de-tours\/","og_site_name":"Talleres Emit","article_modified_time":"2024-02-26T06:27:34+00:00","twitter_card":"summary_large_image","twitter_misc":{"Dur\u00e9e de lecture estim\u00e9e":"1 minute"},"schema":{"@context":"https:\/\/schema.org","@graph":[{"@type":"WebPage","@id":"https:\/\/talleres-emit.com\/fr\/compteurs-mecaniques\/compteurs-de-tours\/","url":"https:\/\/talleres-emit.com\/fr\/compteurs-mecaniques\/compteurs-de-tours\/","name":"Compte-Tours - Talleres Emit","isPartOf":{"@id":"https:\/\/talleres-emit.com\/ca\/#website"},"datePublished":"2023-03-16T07:48:44+00:00","dateModified":"2024-02-26T06:27:34+00:00","breadcrumb":{"@id":"https:\/\/talleres-emit.com\/fr\/compteurs-mecaniques\/compteurs-de-tours\/#breadcrumb"},"inLanguage":"fr-FR","potentialAction":[{"@type":"ReadAction","target":["https:\/\/talleres-emit.com\/fr\/compteurs-mecaniques\/compteurs-de-tours\/"]}]},{"@type":"BreadcrumbList","@id":"https:\/\/talleres-emit.com\/fr\/compteurs-mecaniques\/compteurs-de-tours\/#breadcrumb","itemListElement":[{"@type":"ListItem","position":1,"name":"Portada","item":"https:\/\/talleres-emit.com\/fr\/"},{"@type":"ListItem","position":2,"name":"Compteurs m\u00e9caniques","item":"https:\/\/talleres-emit.com\/fr\/compteurs-mecaniques\/"},{"@type":"ListItem","position":3,"name":"Compte-Tours"}]},{"@type":"WebSite","@id":"https:\/\/talleres-emit.com\/ca\/#website","url":"https:\/\/talleres-emit.com\/ca\/","name":"Talleres Emit","description":"","publisher":{"@id":"https:\/\/talleres-emit.com\/ca\/#organization"},"potentialAction":[{"@type":"SearchAction","target":{"@type":"EntryPoint","urlTemplate":"https:\/\/talleres-emit.com\/ca\/?s={search_term_string}"},"query-input":"required name=search_term_string"}],"inLanguage":"fr-FR"},{"@type":"Organization","@id":"https:\/\/talleres-emit.com\/ca\/#organization","name":"Talleres Emit","url":"https:\/\/talleres-emit.com\/ca\/","logo":{"@type":"ImageObject","inLanguage":"fr-FR","@id":"https:\/\/talleres-emit.com\/ca\/#\/schema\/logo\/image\/","url":"https:\/\/talleres-emit.com\/wp-content\/uploads\/2023\/03\/logo.png","contentUrl":"https:\/\/talleres-emit.com\/wp-content\/uploads\/2023\/03\/logo.png","width":206,"height":82,"caption":"Talleres Emit"},"image":{"@id":"https:\/\/talleres-emit.com\/ca\/#\/schema\/logo\/image\/"}}]}},"_links":{"self":[{"href":"https:\/\/talleres-emit.com\/fr\/wp-json\/wp\/v2\/pages\/4845"}],"collection":[{"href":"https:\/\/talleres-emit.com\/fr\/wp-json\/wp\/v2\/pages"}],"about":[{"href":"https:\/\/talleres-emit.com\/fr\/wp-json\/wp\/v2\/types\/page"}],"author":[{"embeddable":true,"href":"https:\/\/talleres-emit.com\/fr\/wp-json\/wp\/v2\/users\/3"}],"replies":[{"embeddable":true,"href":"https:\/\/talleres-emit.com\/fr\/wp-json\/wp\/v2\/comments?post=4845"}],"version-history":[{"count":4,"href":"https:\/\/talleres-emit.com\/fr\/wp-json\/wp\/v2\/pages\/4845\/revisions"}],"predecessor-version":[{"id":6461,"href":"https:\/\/talleres-emit.com\/fr\/wp-json\/wp\/v2\/pages\/4845\/revisions\/6461"}],"up":[{"embeddable":true,"href":"https:\/\/talleres-emit.com\/fr\/wp-json\/wp\/v2\/pages\/4690"}],"wp:attachment":[{"href":"https:\/\/talleres-emit.com\/fr\/wp-json\/wp\/v2\/media?parent=4845"}],"curies":[{"name":"wp","href":"https:\/\/api.w.org\/{rel}","templated":true}]}}