{"id":4678,"date":"2023-03-15T11:03:19","date_gmt":"2023-03-15T10:03:19","guid":{"rendered":"https:\/\/talleres-emit.com\/contadores-electromecanicos\/"},"modified":"2024-02-26T04:58:40","modified_gmt":"2024-02-26T03:58:40","slug":"compteurs-electromecaniques","status":"publish","type":"page","link":"https:\/\/talleres-emit.com\/fr\/compteurs-electromecaniques\/","title":{"rendered":"Compteurs \u00e9lectrom\u00e9caniques"},"content":{"rendered":"<div class=\"gb-container gb-container-c15f0ff5\">\n\n<h2 class=\"gb-headline gb-headline-41392043 gb-headline-text\">COMPTEURS <mark class=\"gb-highlight\">\u00c9LECTROM\u00c9CANIQUES<\/mark><\/h2>\n\n<\/div>\n\n<div class=\"gb-container gb-container-4f9e220b alignfull\">\n<div class=\"gb-grid-wrapper gb-grid-wrapper-4b8418f9\">\n<div class=\"gb-grid-column gb-grid-column-f90c25fd\"><div class=\"gb-container gb-container-f90c25fd\">\n\n<p class=\"gb-headline gb-headline-b4332e13 gb-headline-text\">Nous fabriquons des compteurs \u00e9lectrom\u00e9caniques depuis plus de 40 ans. Visitez notre large gamme de mod\u00e8les et d\u00e9couvrez les diff\u00e9rents types qui vont des comptoirs faits maison \u00e0 ceux de nos marques repr\u00e9sent\u00e9es.<\/p>\n\n<\/div><\/div>\n\n<div class=\"gb-grid-column gb-grid-column-189d3851\"><div class=\"gb-container gb-container-189d3851\">\n<div class=\"gb-container gb-container-ea3a14aa\">\n\n<p class=\"gb-headline gb-headline-6329dc96 gb-headline-text\">En tant que fabricants, nous pouvons facilement nous adapter \u00e0 vos besoins.<\/p>\n\n\n\n<p class=\"gb-headline gb-headline-258d43c6 gb-headline-text\">Visitez notre site Web et trouvez le comptable que vous recherchez ou contactez-nous simplement via notre onglet contact.<\/p>\n\n<\/div>\n\n<div class=\"gb-container gb-container-9ee6c08f\"><\/div>\n<\/div><\/div>\n<\/div>\n<\/div>\n\n<div class=\"gb-container gb-container-a2eae4d6 midbloq\">\n<div class=\"gb-grid-wrapper gb-grid-wrapper-d83c5b24\">\n<div class=\"gb-grid-column gb-grid-column-b62f45a0\"><div class=\"gb-container gb-container-b62f45a0 mbc1\"><a class=\"gb-container-link\" href=\"https:\/\/talleres-emit.com\/fr\/compteurs-electromecaniques\/totalisateur\/\"><\/a>\n<div class=\"gb-container gb-container-4b8162ec\">\n\n<figure class=\"gb-block-image gb-block-image-476af241\"><img loading=\"lazy\" decoding=\"async\" width=\"165\" height=\"153\" class=\"gb-image gb-image-476af241\" src=\"https:\/\/talleres-emit.com\/wp-content\/uploads\/2023\/12\/em37.jpg\" alt=\"Em37\" title=\"Em37\"\/>\n<figcaption class=\"gb-headline gb-headline-2ee8821b gb-headline-text\"><strong><strong>Compteurs d&rsquo;impulsions<\/strong><\/strong><\/figcaption>\n<\/figure>\n\n<\/div>\n<\/div><\/div>\n\n<div class=\"gb-grid-column gb-grid-column-c9e253ab\"><div class=\"gb-container gb-container-c9e253ab mbc2\"><a class=\"gb-container-link\" href=\"https:\/\/talleres-emit.com\/fr\/compteurs-electromecaniques\/mini-compteurs-dimpulsions\/\"><\/a>\n<div class=\"gb-container gb-container-5d72b1a3\">\n\n<figure class=\"gb-block-image gb-block-image-2add22e2\"><img loading=\"lazy\" decoding=\"async\" width=\"165\" height=\"153\" class=\"gb-image gb-image-2add22e2\" src=\"https:\/\/talleres-emit.com\/wp-content\/uploads\/2023\/04\/em2010-1.jpg\" alt=\"Em2010\" title=\"Em2010\"\/>\n<figcaption class=\"gb-headline gb-headline-a3790e96 gb-headline-text\"><strong><strong>Mini compteurs<\/strong> <strong>d&rsquo;impulsions<\/strong><\/strong><\/figcaption>\n<\/figure>\n\n<\/div>\n<\/div><\/div>\n\n<div class=\"gb-grid-column gb-grid-column-5b97ec01\"><div class=\"gb-container gb-container-5b97ec01 mbc3\"><a class=\"gb-container-link\" href=\"https:\/\/talleres-emit.com\/fr\/compteurs-electromecaniques\/compteurs-dheures\/\"><\/a>\n<div class=\"gb-container gb-container-c96e2899\">\n\n<figure class=\"gb-block-image gb-block-image-b3329f90\"><img loading=\"lazy\" decoding=\"async\" width=\"165\" height=\"153\" class=\"gb-image gb-image-b3329f90\" src=\"https:\/\/talleres-emit.com\/wp-content\/uploads\/2023\/04\/em30-1.jpg\" alt=\"Em30\" title=\"Em30\"\/>\n<figcaption class=\"gb-headline gb-headline-3670d7f9 gb-headline-text\"><strong><strong>Compteurs d&rsquo;heures<\/strong><\/strong><\/figcaption>\n<\/figure>\n\n<\/div>\n<\/div><\/div>\n\n<div class=\"gb-grid-column gb-grid-column-9841cc15\"><div class=\"gb-container gb-container-9841cc15 mbc4\"><a class=\"gb-container-link\" href=\"https:\/\/talleres-emit.com\/fr\/compteurs-electromecaniques\/micro-interrupteurs\/\"><\/a>\n<div class=\"gb-container gb-container-d6dca4cd\">\n\n<figure class=\"gb-block-image gb-block-image-6384d5a2\"><img loading=\"lazy\" decoding=\"async\" width=\"300\" height=\"161\" class=\"gb-image gb-image-6384d5a2\" src=\"https:\/\/talleres-emit.com\/wp-content\/uploads\/2023\/04\/microruptors-300x161.jpg\" alt=\"Microruptors\" title=\"Microruptors\"\/>\n<figcaption class=\"gb-headline gb-headline-fd8b9ba6 gb-headline-text\"><strong><strong>Micro-interrupteurs<\/strong><\/strong><\/figcaption>\n<\/figure>\n\n<\/div>\n<\/div><\/div>\n<\/div>\n<\/div>","protected":false},"excerpt":{"rendered":"<p>COMPTEURS \u00c9LECTROM\u00c9CANIQUES<\/p>\n","protected":false},"author":3,"featured_media":0,"parent":0,"menu_order":0,"comment_status":"closed","ping_status":"closed","template":"","meta":{"footnotes":""},"yoast_head":"<!-- This site is optimized with the Yoast SEO plugin v22.1 - https:\/\/yoast.com\/wordpress\/plugins\/seo\/ -->\n<title>Compteurs \u00e9lectrom\u00e9caniques - Talleres Emit<\/title>\n<meta name=\"robots\" content=\"index, follow, max-snippet:-1, max-image-preview:large, max-video-preview:-1\" \/>\n<link rel=\"canonical\" href=\"https:\/\/talleres-emit.com\/fr\/compteurs-electromecaniques\/\" \/>\n<meta property=\"og:locale\" content=\"fr_FR\" \/>\n<meta property=\"og:type\" content=\"article\" \/>\n<meta property=\"og:title\" content=\"Compteurs \u00e9lectrom\u00e9caniques - Talleres Emit\" \/>\n<meta property=\"og:description\" content=\"COMPTEURS \u00c9LECTROM\u00c9CANIQUES\" \/>\n<meta property=\"og:url\" content=\"https:\/\/talleres-emit.com\/fr\/compteurs-electromecaniques\/\" \/>\n<meta property=\"og:site_name\" content=\"Talleres Emit\" \/>\n<meta property=\"article:modified_time\" content=\"2024-02-26T03:58:40+00:00\" \/>\n<meta property=\"og:image\" content=\"https:\/\/talleres-emit.com\/wp-content\/uploads\/2023\/12\/em37.jpg\" \/>\n<meta name=\"twitter:card\" content=\"summary_large_image\" \/>\n<meta name=\"twitter:label1\" content=\"Dur\u00e9e de lecture estim\u00e9e\" \/>\n\t<meta name=\"twitter:data1\" content=\"2 minutes\" \/>\n<script type=\"application\/ld+json\" class=\"yoast-schema-graph\">{\"@context\":\"https:\/\/schema.org\",\"@graph\":[{\"@type\":\"WebPage\",\"@id\":\"https:\/\/talleres-emit.com\/fr\/compteurs-electromecaniques\/\",\"url\":\"https:\/\/talleres-emit.com\/fr\/compteurs-electromecaniques\/\",\"name\":\"Compteurs \u00e9lectrom\u00e9caniques - Talleres Emit\",\"isPartOf\":{\"@id\":\"https:\/\/talleres-emit.com\/ca\/#website\"},\"datePublished\":\"2023-03-15T10:03:19+00:00\",\"dateModified\":\"2024-02-26T03:58:40+00:00\",\"breadcrumb\":{\"@id\":\"https:\/\/talleres-emit.com\/fr\/compteurs-electromecaniques\/#breadcrumb\"},\"inLanguage\":\"fr-FR\",\"potentialAction\":[{\"@type\":\"ReadAction\",\"target\":[\"https:\/\/talleres-emit.com\/fr\/compteurs-electromecaniques\/\"]}]},{\"@type\":\"BreadcrumbList\",\"@id\":\"https:\/\/talleres-emit.com\/fr\/compteurs-electromecaniques\/#breadcrumb\",\"itemListElement\":[{\"@type\":\"ListItem\",\"position\":1,\"name\":\"Portada\",\"item\":\"https:\/\/talleres-emit.com\/fr\/\"},{\"@type\":\"ListItem\",\"position\":2,\"name\":\"Compteurs \u00e9lectrom\u00e9caniques\"}]},{\"@type\":\"WebSite\",\"@id\":\"https:\/\/talleres-emit.com\/ca\/#website\",\"url\":\"https:\/\/talleres-emit.com\/ca\/\",\"name\":\"Talleres Emit\",\"description\":\"\",\"publisher\":{\"@id\":\"https:\/\/talleres-emit.com\/ca\/#organization\"},\"potentialAction\":[{\"@type\":\"SearchAction\",\"target\":{\"@type\":\"EntryPoint\",\"urlTemplate\":\"https:\/\/talleres-emit.com\/ca\/?s={search_term_string}\"},\"query-input\":\"required name=search_term_string\"}],\"inLanguage\":\"fr-FR\"},{\"@type\":\"Organization\",\"@id\":\"https:\/\/talleres-emit.com\/ca\/#organization\",\"name\":\"Talleres Emit\",\"url\":\"https:\/\/talleres-emit.com\/ca\/\",\"logo\":{\"@type\":\"ImageObject\",\"inLanguage\":\"fr-FR\",\"@id\":\"https:\/\/talleres-emit.com\/ca\/#\/schema\/logo\/image\/\",\"url\":\"https:\/\/talleres-emit.com\/wp-content\/uploads\/2023\/03\/logo.png\",\"contentUrl\":\"https:\/\/talleres-emit.com\/wp-content\/uploads\/2023\/03\/logo.png\",\"width\":206,\"height\":82,\"caption\":\"Talleres Emit\"},\"image\":{\"@id\":\"https:\/\/talleres-emit.com\/ca\/#\/schema\/logo\/image\/\"}}]}<\/script>\n<!-- \/ Yoast SEO plugin. -->","yoast_head_json":{"title":"Compteurs \u00e9lectrom\u00e9caniques - Talleres Emit","robots":{"index":"index","follow":"follow","max-snippet":"max-snippet:-1","max-image-preview":"max-image-preview:large","max-video-preview":"max-video-preview:-1"},"canonical":"https:\/\/talleres-emit.com\/fr\/compteurs-electromecaniques\/","og_locale":"fr_FR","og_type":"article","og_title":"Compteurs \u00e9lectrom\u00e9caniques - Talleres Emit","og_description":"COMPTEURS \u00c9LECTROM\u00c9CANIQUES","og_url":"https:\/\/talleres-emit.com\/fr\/compteurs-electromecaniques\/","og_site_name":"Talleres Emit","article_modified_time":"2024-02-26T03:58:40+00:00","og_image":[{"url":"https:\/\/talleres-emit.com\/wp-content\/uploads\/2023\/12\/em37.jpg"}],"twitter_card":"summary_large_image","twitter_misc":{"Dur\u00e9e de lecture estim\u00e9e":"2 minutes"},"schema":{"@context":"https:\/\/schema.org","@graph":[{"@type":"WebPage","@id":"https:\/\/talleres-emit.com\/fr\/compteurs-electromecaniques\/","url":"https:\/\/talleres-emit.com\/fr\/compteurs-electromecaniques\/","name":"Compteurs \u00e9lectrom\u00e9caniques - Talleres Emit","isPartOf":{"@id":"https:\/\/talleres-emit.com\/ca\/#website"},"datePublished":"2023-03-15T10:03:19+00:00","dateModified":"2024-02-26T03:58:40+00:00","breadcrumb":{"@id":"https:\/\/talleres-emit.com\/fr\/compteurs-electromecaniques\/#breadcrumb"},"inLanguage":"fr-FR","potentialAction":[{"@type":"ReadAction","target":["https:\/\/talleres-emit.com\/fr\/compteurs-electromecaniques\/"]}]},{"@type":"BreadcrumbList","@id":"https:\/\/talleres-emit.com\/fr\/compteurs-electromecaniques\/#breadcrumb","itemListElement":[{"@type":"ListItem","position":1,"name":"Portada","item":"https:\/\/talleres-emit.com\/fr\/"},{"@type":"ListItem","position":2,"name":"Compteurs \u00e9lectrom\u00e9caniques"}]},{"@type":"WebSite","@id":"https:\/\/talleres-emit.com\/ca\/#website","url":"https:\/\/talleres-emit.com\/ca\/","name":"Talleres Emit","description":"","publisher":{"@id":"https:\/\/talleres-emit.com\/ca\/#organization"},"potentialAction":[{"@type":"SearchAction","target":{"@type":"EntryPoint","urlTemplate":"https:\/\/talleres-emit.com\/ca\/?s={search_term_string}"},"query-input":"required name=search_term_string"}],"inLanguage":"fr-FR"},{"@type":"Organization","@id":"https:\/\/talleres-emit.com\/ca\/#organization","name":"Talleres Emit","url":"https:\/\/talleres-emit.com\/ca\/","logo":{"@type":"ImageObject","inLanguage":"fr-FR","@id":"https:\/\/talleres-emit.com\/ca\/#\/schema\/logo\/image\/","url":"https:\/\/talleres-emit.com\/wp-content\/uploads\/2023\/03\/logo.png","contentUrl":"https:\/\/talleres-emit.com\/wp-content\/uploads\/2023\/03\/logo.png","width":206,"height":82,"caption":"Talleres Emit"},"image":{"@id":"https:\/\/talleres-emit.com\/ca\/#\/schema\/logo\/image\/"}}]}},"_links":{"self":[{"href":"https:\/\/talleres-emit.com\/fr\/wp-json\/wp\/v2\/pages\/4678"}],"collection":[{"href":"https:\/\/talleres-emit.com\/fr\/wp-json\/wp\/v2\/pages"}],"about":[{"href":"https:\/\/talleres-emit.com\/fr\/wp-json\/wp\/v2\/types\/page"}],"author":[{"embeddable":true,"href":"https:\/\/talleres-emit.com\/fr\/wp-json\/wp\/v2\/users\/3"}],"replies":[{"embeddable":true,"href":"https:\/\/talleres-emit.com\/fr\/wp-json\/wp\/v2\/comments?post=4678"}],"version-history":[{"count":5,"href":"https:\/\/talleres-emit.com\/fr\/wp-json\/wp\/v2\/pages\/4678\/revisions"}],"predecessor-version":[{"id":6327,"href":"https:\/\/talleres-emit.com\/fr\/wp-json\/wp\/v2\/pages\/4678\/revisions\/6327"}],"wp:attachment":[{"href":"https:\/\/talleres-emit.com\/fr\/wp-json\/wp\/v2\/media?parent=4678"}],"curies":[{"name":"wp","href":"https:\/\/api.w.org\/{rel}","templated":true}]}}