{"id":4672,"date":"2023-03-15T10:38:29","date_gmt":"2023-03-15T09:38:29","guid":{"rendered":"https:\/\/talleres-emit.com\/a-propos-de-nous\/"},"modified":"2023-05-26T12:50:42","modified_gmt":"2023-05-26T10:50:42","slug":"a-propos-de-nous","status":"publish","type":"page","link":"https:\/\/talleres-emit.com\/fr\/a-propos-de-nous\/","title":{"rendered":"\u00c0 propos de nous"},"content":{"rendered":"<div class=\"gb-container gb-container-4521558b\"><\/div><div class=\"gb-container gb-container-5196ac93\">\n\n<h2 class=\"gb-headline gb-headline-94e374dd gb-headline-text\">\u00c0 PROPOS DE NOUS<mark class=\"gb-highlight\">.<\/mark><\/h2>\n\n<\/div><div class=\"gb-container gb-container-481d8fb2 alignfull\">\n<div class=\"gb-container gb-container-7ba761ec alignfull\">\n<div class=\"gb-grid-wrapper gb-grid-wrapper-5686de67\">\n<div class=\"gb-grid-column gb-grid-column-1ed532a6\"><div class=\"gb-container gb-container-1ed532a6\">\n\n<p class=\"gb-headline gb-headline-19909bd9 gb-headline-text\">Sp\u00e9cialistes dans la conception et la fabrication de compteurs m\u00e9caniques et \u00e9lectrom\u00e9caniques, c&rsquo;est actuellement une entreprise avec plus de 60 ans d&rsquo;exp\u00e9rience dans le secteur.<\/p>\n\n\n\n<p class=\"gb-headline gb-headline-f507681e gb-headline-text\">Cette longue exp\u00e9rience aux c\u00f4t\u00e9s de nos clients, fait aujourd&rsquo;hui de notre entreprise un symbole de Qualit\u00e9 et de sceau de garantie dans tous les types de compteurs, m\u00e9caniques, \u00e9lectrom\u00e9caniques et \u00e9lectroniques.<\/p>\n\n<\/div><\/div>\n\n<div class=\"gb-grid-column gb-grid-column-f2e0d2b7\"><div class=\"gb-container gb-container-f2e0d2b7\"><\/div><\/div>\n<\/div>\n<\/div>\n<\/div><div class=\"gb-container gb-container-b98bc7f7 alignfull\">\n<div class=\"gb-container gb-container-a42ac6d7 alignfull\">\n<div class=\"gb-grid-wrapper gb-grid-wrapper-cf9ac0fb\">\n<div class=\"gb-grid-column gb-grid-column-ae3f1687\"><div class=\"gb-container gb-container-ae3f1687\"><\/div><\/div>\n\n<div class=\"gb-grid-column gb-grid-column-05c51f65\"><div class=\"gb-container gb-container-05c51f65\">\n\n<p class=\"gb-headline gb-headline-369851c0 gb-headline-text\">&nbsp;L&rsquo;entreprise d\u00e9bute son activit\u00e9 en 1942, avec la fabrication de petits appareils et pi\u00e8ces m\u00e9caniques, ce qui d\u00e9bouche rapidement sur la production de compteurs m\u00e9caniques.<\/p>\n\n\n\n<p class=\"gb-headline gb-headline-019aca74 gb-headline-text\">Les initiales E.M.I.T. sont les initiales du pr\u00e9nom de la Soci\u00e9t\u00e9 (Sp\u00e9cialit\u00e9s M\u00e9caniques de l&rsquo;Industrie Textile) devenant Talleres Emit, S.A. dans l&rsquo;ann\u00e9e 1960.<\/p>\n\n<\/div><\/div>\n<\/div>\n<\/div>\n<\/div><div class=\"gb-container gb-container-364361fa alignfull\">\n<div class=\"gb-container gb-container-d35a5d95\">\n\n<p class=\"gb-headline gb-headline-e92038c8 gb-headline-text\">En 1979, la Direction de la Soci\u00e9t\u00e9 change et s&rsquo;ouvre une p\u00e9riode de diversification et d&rsquo;expansion de son activit\u00e9, tant dans la fabrication (Compteurs Electrom\u00e9caniques) que dans la commercialisation (Compteurs Electroniques). <\/p>\n\n\n\n<p class=\"gb-headline gb-headline-8b38572e gb-headline-text\">La sp\u00e9cialisation en comptabilit\u00e9 (m\u00e9canique, \u00e9lectrom\u00e9canique et \u00e9lectronique) fait de Talleres Emit, S.A. dans la seule entreprise de espagne, d\u00e9di\u00e9e exclusivement \u00e0 cette activit\u00e9, principalement en tant que fabricant.<\/p>\n\n\n\n<p class=\"gb-headline gb-headline-4f7460d5 gb-headline-text\">Chaque ann\u00e9e, nos ventes tendent \u00e0 s&rsquo;internationaliser, des march\u00e9s comme l&rsquo;Europe et l&rsquo;Afrique nous rendent fiers de nos produits puisque des PME aux multinationales nous font confiance.<\/p>\n\n<\/div>\n<\/div><div class=\"gb-container gb-container-b16941c6 alignfull\">\n<div class=\"gb-container gb-container-b4d609e7\">\n\n<h2 class=\"has-global-color-2-color has-text-color wp-block-heading\">QUALIT\u00c9 ET GARANTIE<\/h2>\n\n\n\n<p class=\"gb-headline gb-headline-240e65ee gb-headline-text\">Toute la gamme de produits est soumise \u00e0 un contr\u00f4le de qualit\u00e9 rigoureux et nous offrons la garantie maximale, car il ne pourrait en \u00eatre autrement puisque nos produits ont cette raison d&rsquo;\u00eatre.<\/p>\n\n<\/div>\n<\/div><div class=\"gb-container gb-container-757e870c\">\n\n<a class=\"gb-button gb-button-1406fb0b gb-button-text\" href=\"https:\/\/talleres-emit.com\/fr\/contact\/\">Parler?<\/a>\n\n<\/div>","protected":false},"excerpt":{"rendered":"<p>\u00c0 PROPOS DE NOUS. En 1979, la Direction de la Soci\u00e9t\u00e9 change et s&rsquo;ouvre une p\u00e9riode de diversification et d&rsquo;expansion de son activit\u00e9, tant dans &#8230; <a title=\"\u00c0 propos de nous\" class=\"read-more\" href=\"https:\/\/talleres-emit.com\/fr\/a-propos-de-nous\/\" aria-label=\"Plus sur \u00c0 propos de nous\">Read More<\/a><\/p>\n","protected":false},"author":3,"featured_media":0,"parent":0,"menu_order":0,"comment_status":"closed","ping_status":"closed","template":"","meta":{"footnotes":""},"yoast_head":"<!-- This site is optimized with the Yoast SEO plugin v22.1 - https:\/\/yoast.com\/wordpress\/plugins\/seo\/ -->\n<title>\u00c0 propos de nous - Talleres Emit<\/title>\n<meta name=\"robots\" content=\"index, follow, max-snippet:-1, max-image-preview:large, max-video-preview:-1\" \/>\n<link rel=\"canonical\" href=\"https:\/\/talleres-emit.com\/sobre-nosotros\/\" \/>\n<meta property=\"og:locale\" content=\"fr_FR\" \/>\n<meta property=\"og:type\" content=\"article\" \/>\n<meta property=\"og:title\" content=\"\u00c0 propos de nous - Talleres Emit\" \/>\n<meta property=\"og:description\" content=\"\u00c0 PROPOS DE NOUS. En 1979, la Direction de la Soci\u00e9t\u00e9 change et s&rsquo;ouvre une p\u00e9riode de diversification et d&rsquo;expansion de son activit\u00e9, tant dans ... Read More\" \/>\n<meta property=\"og:url\" content=\"https:\/\/talleres-emit.com\/sobre-nosotros\/\" \/>\n<meta property=\"og:site_name\" content=\"Talleres Emit\" \/>\n<meta property=\"article:modified_time\" content=\"2023-05-26T10:50:42+00:00\" \/>\n<meta name=\"twitter:card\" content=\"summary_large_image\" \/>\n<meta name=\"twitter:label1\" content=\"Dur\u00e9e de lecture estim\u00e9e\" \/>\n\t<meta name=\"twitter:data1\" content=\"1 minute\" \/>\n<script type=\"application\/ld+json\" class=\"yoast-schema-graph\">{\"@context\":\"https:\/\/schema.org\",\"@graph\":[{\"@type\":\"WebPage\",\"@id\":\"https:\/\/talleres-emit.com\/sobre-nosotros\/\",\"url\":\"https:\/\/talleres-emit.com\/sobre-nosotros\/\",\"name\":\"\u00c0 propos de nous - Talleres Emit\",\"isPartOf\":{\"@id\":\"https:\/\/talleres-emit.com\/ca\/#website\"},\"datePublished\":\"2023-03-15T09:38:29+00:00\",\"dateModified\":\"2023-05-26T10:50:42+00:00\",\"breadcrumb\":{\"@id\":\"https:\/\/talleres-emit.com\/sobre-nosotros\/#breadcrumb\"},\"inLanguage\":\"fr-FR\",\"potentialAction\":[{\"@type\":\"ReadAction\",\"target\":[\"https:\/\/talleres-emit.com\/sobre-nosotros\/\"]}]},{\"@type\":\"BreadcrumbList\",\"@id\":\"https:\/\/talleres-emit.com\/sobre-nosotros\/#breadcrumb\",\"itemListElement\":[{\"@type\":\"ListItem\",\"position\":1,\"name\":\"Portada\",\"item\":\"https:\/\/talleres-emit.com\/fr\/\"},{\"@type\":\"ListItem\",\"position\":2,\"name\":\"\u00c0 propos de nous\"}]},{\"@type\":\"WebSite\",\"@id\":\"https:\/\/talleres-emit.com\/ca\/#website\",\"url\":\"https:\/\/talleres-emit.com\/ca\/\",\"name\":\"Talleres Emit\",\"description\":\"\",\"publisher\":{\"@id\":\"https:\/\/talleres-emit.com\/ca\/#organization\"},\"potentialAction\":[{\"@type\":\"SearchAction\",\"target\":{\"@type\":\"EntryPoint\",\"urlTemplate\":\"https:\/\/talleres-emit.com\/ca\/?s={search_term_string}\"},\"query-input\":\"required name=search_term_string\"}],\"inLanguage\":\"fr-FR\"},{\"@type\":\"Organization\",\"@id\":\"https:\/\/talleres-emit.com\/ca\/#organization\",\"name\":\"Talleres Emit\",\"url\":\"https:\/\/talleres-emit.com\/ca\/\",\"logo\":{\"@type\":\"ImageObject\",\"inLanguage\":\"fr-FR\",\"@id\":\"https:\/\/talleres-emit.com\/ca\/#\/schema\/logo\/image\/\",\"url\":\"https:\/\/talleres-emit.com\/wp-content\/uploads\/2023\/03\/logo.png\",\"contentUrl\":\"https:\/\/talleres-emit.com\/wp-content\/uploads\/2023\/03\/logo.png\",\"width\":206,\"height\":82,\"caption\":\"Talleres Emit\"},\"image\":{\"@id\":\"https:\/\/talleres-emit.com\/ca\/#\/schema\/logo\/image\/\"}}]}<\/script>\n<!-- \/ Yoast SEO plugin. -->","yoast_head_json":{"title":"\u00c0 propos de nous - Talleres Emit","robots":{"index":"index","follow":"follow","max-snippet":"max-snippet:-1","max-image-preview":"max-image-preview:large","max-video-preview":"max-video-preview:-1"},"canonical":"https:\/\/talleres-emit.com\/sobre-nosotros\/","og_locale":"fr_FR","og_type":"article","og_title":"\u00c0 propos de nous - Talleres Emit","og_description":"\u00c0 PROPOS DE NOUS. En 1979, la Direction de la Soci\u00e9t\u00e9 change et s&rsquo;ouvre une p\u00e9riode de diversification et d&rsquo;expansion de son activit\u00e9, tant dans ... Read More","og_url":"https:\/\/talleres-emit.com\/sobre-nosotros\/","og_site_name":"Talleres Emit","article_modified_time":"2023-05-26T10:50:42+00:00","twitter_card":"summary_large_image","twitter_misc":{"Dur\u00e9e de lecture estim\u00e9e":"1 minute"},"schema":{"@context":"https:\/\/schema.org","@graph":[{"@type":"WebPage","@id":"https:\/\/talleres-emit.com\/sobre-nosotros\/","url":"https:\/\/talleres-emit.com\/sobre-nosotros\/","name":"\u00c0 propos de nous - Talleres Emit","isPartOf":{"@id":"https:\/\/talleres-emit.com\/ca\/#website"},"datePublished":"2023-03-15T09:38:29+00:00","dateModified":"2023-05-26T10:50:42+00:00","breadcrumb":{"@id":"https:\/\/talleres-emit.com\/sobre-nosotros\/#breadcrumb"},"inLanguage":"fr-FR","potentialAction":[{"@type":"ReadAction","target":["https:\/\/talleres-emit.com\/sobre-nosotros\/"]}]},{"@type":"BreadcrumbList","@id":"https:\/\/talleres-emit.com\/sobre-nosotros\/#breadcrumb","itemListElement":[{"@type":"ListItem","position":1,"name":"Portada","item":"https:\/\/talleres-emit.com\/fr\/"},{"@type":"ListItem","position":2,"name":"\u00c0 propos de nous"}]},{"@type":"WebSite","@id":"https:\/\/talleres-emit.com\/ca\/#website","url":"https:\/\/talleres-emit.com\/ca\/","name":"Talleres Emit","description":"","publisher":{"@id":"https:\/\/talleres-emit.com\/ca\/#organization"},"potentialAction":[{"@type":"SearchAction","target":{"@type":"EntryPoint","urlTemplate":"https:\/\/talleres-emit.com\/ca\/?s={search_term_string}"},"query-input":"required name=search_term_string"}],"inLanguage":"fr-FR"},{"@type":"Organization","@id":"https:\/\/talleres-emit.com\/ca\/#organization","name":"Talleres Emit","url":"https:\/\/talleres-emit.com\/ca\/","logo":{"@type":"ImageObject","inLanguage":"fr-FR","@id":"https:\/\/talleres-emit.com\/ca\/#\/schema\/logo\/image\/","url":"https:\/\/talleres-emit.com\/wp-content\/uploads\/2023\/03\/logo.png","contentUrl":"https:\/\/talleres-emit.com\/wp-content\/uploads\/2023\/03\/logo.png","width":206,"height":82,"caption":"Talleres Emit"},"image":{"@id":"https:\/\/talleres-emit.com\/ca\/#\/schema\/logo\/image\/"}}]}},"_links":{"self":[{"href":"https:\/\/talleres-emit.com\/fr\/wp-json\/wp\/v2\/pages\/4672"}],"collection":[{"href":"https:\/\/talleres-emit.com\/fr\/wp-json\/wp\/v2\/pages"}],"about":[{"href":"https:\/\/talleres-emit.com\/fr\/wp-json\/wp\/v2\/types\/page"}],"author":[{"embeddable":true,"href":"https:\/\/talleres-emit.com\/fr\/wp-json\/wp\/v2\/users\/3"}],"replies":[{"embeddable":true,"href":"https:\/\/talleres-emit.com\/fr\/wp-json\/wp\/v2\/comments?post=4672"}],"version-history":[{"count":1,"href":"https:\/\/talleres-emit.com\/fr\/wp-json\/wp\/v2\/pages\/4672\/revisions"}],"predecessor-version":[{"id":4673,"href":"https:\/\/talleres-emit.com\/fr\/wp-json\/wp\/v2\/pages\/4672\/revisions\/4673"}],"wp:attachment":[{"href":"https:\/\/talleres-emit.com\/fr\/wp-json\/wp\/v2\/media?parent=4672"}],"curies":[{"name":"wp","href":"https:\/\/api.w.org\/{rel}","templated":true}]}}