{"id":4833,"date":"2023-03-16T08:48:44","date_gmt":"2023-03-16T07:48:44","guid":{"rendered":"https:\/\/talleres-emit.com\/contadores-mecanicos\/comptavoltes\/"},"modified":"2024-02-26T07:11:10","modified_gmt":"2024-02-26T06:11:10","slug":"comptavoltes","status":"publish","type":"page","link":"https:\/\/talleres-emit.com\/ca\/comptadors-mecanics\/comptavoltes\/","title":{"rendered":"Comptavoltes"},"content":{"rendered":"<div class=\"gb-container gb-container-bb1b89ea\">\n\n<h1 class=\"gb-headline gb-headline-cc06876b gb-headline-text\">COMPTAVOLTES<\/h1>\n\n<\/div>\n\n<div class=\"gb-container gb-container-a2eae4d6 em\">\n<div class=\"gb-grid-wrapper gb-grid-wrapper-d83c5b24\">\n<div class=\"gb-grid-column gb-grid-column-057b1812\"><div class=\"gb-container gb-container-057b1812\">\n<div class=\"gb-container gb-container-fd79e45b\">\n<div class=\"gb-grid-wrapper gb-grid-wrapper-c10523f0\">\n<div class=\"gb-grid-column gb-grid-column-32f23415\"><div class=\"gb-container gb-container-32f23415 em1\"><a class=\"gb-container-link\" href=\"https:\/\/talleres-emit.com\/ca\/comptadors-mecanics\/comptagolpes\/\"><\/a>\n<div class=\"gb-container gb-container-27d74243\">\n\n<p class=\"gb-headline gb-headline-ccfa3ead gb-headline-text\">Comptacops<\/p>\n\n<\/div>\n<\/div><\/div>\n\n<div class=\"gb-grid-column gb-grid-column-cf66f66c\"><div class=\"gb-container gb-container-cf66f66c em2\"><a class=\"gb-container-link\" href=\"https:\/\/talleres-emit.com\/ca\/contadores-mecanicos\/comptavoltes\/\"><\/a>\n<div class=\"gb-container gb-container-bbd1f6b8\">\n\n<p class=\"gb-headline gb-headline-e2ae6a0e gb-headline-text\">Comptavoltes<\/p>\n\n<\/div>\n<\/div><\/div>\n\n<div class=\"gb-grid-column gb-grid-column-c763614d\"><div class=\"gb-container gb-container-c763614d em3\"><a class=\"gb-container-link\" href=\"https:\/\/talleres-emit.com\/ca\/comptadors-mecanics\/comptametres\/\"><\/a>\n<div class=\"gb-container gb-container-5706181b\">\n\n<p class=\"gb-headline gb-headline-98738679 gb-headline-text\">Comptametres<\/p>\n\n<\/div>\n<\/div><\/div>\n\n<div class=\"gb-grid-column gb-grid-column-92c95528\"><div class=\"gb-container gb-container-92c95528 em4\"><a class=\"gb-container-link\" href=\"https:\/\/talleres-emit.com\/ca\/comptadors-mecanics\/visualitzadors\/\"><\/a>\n<div class=\"gb-container gb-container-824de101\">\n\n<p class=\"gb-headline gb-headline-becdc656 gb-headline-text\">Visualitzadors<\/p>\n\n<\/div>\n<\/div><\/div>\n<\/div>\n<\/div>\n<\/div><\/div>\n<\/div>\n<\/div>\n\n<div class=\"product-container\"><div class=\"product-item\"><div class=\"product-header\"><img decoding=\"async\" src=\"https:\/\/talleres-emit.com\/wp-content\/uploads\/2023\/03\/5r.jpg\" alt=\"COMPTAVOLTES 5R\"><\/div><div class=\"product-body\"><h2>COMPTAVOLTES 5R<\/h2><div class=\"product-content\"><table class=\"has-global-color-4-background-color has-background\">\n<tbody>\n<tr>\n<td>N<strong>\u00ba<\/strong> de xifres<\/td>\n<td class=\"has-text-align-right\" data-align=\"right\">5<\/td>\n<\/tr>\n<tr>\n<td>Altura de les xifres<\/td>\n<td class=\"has-text-align-right\" data-align=\"right\">4.5 mm<\/td>\n<\/tr>\n<tr>\n<td>Admissi\u00f3 M\u00e0xima<\/td>\n<td class=\"has-text-align-right\" data-align=\"right\">5000 rpm<\/td>\n<\/tr>\n<tr>\n<td>Posada a zero<\/td>\n<td class=\"has-text-align-right\" data-align=\"right\">Polsador<\/td>\n<\/tr>\n<\/tbody>\n<\/table>\n&nbsp;\n\n<a href=\"https:\/\/talleres-emit.com\/wp-content\/uploads\/2023\/05\/5r.pdf\" target=\"_blank\" rel=\"noopener\">Descarregar fitxa t\u00e8cnica<\/a><\/div><p class=\"product-excerpt\">Eix d'impuls en ambd\u00f3s costats. Suma\/Resta i sentit de gir segons comanda.\n<\/p><\/div><\/div><div class=\"product-item\"><div class=\"product-header\"><img decoding=\"async\" src=\"https:\/\/talleres-emit.com\/wp-content\/uploads\/2023\/03\/5re.jpg\" alt=\"COMPTAVOLTES 5RE\"><\/div><div class=\"product-body\"><h2>COMPTAVOLTES 5RE<\/h2><div class=\"product-content\"><table class=\"has-global-color-4-background-color has-background\">\n<tbody>\n<tr>\n<td><strong>N\u00ba de xifres<\/strong><\/td>\n<td class=\"has-text-align-right\" data-align=\"right\">5<\/td>\n<\/tr>\n<tr>\n<td>Altura de les xifres<\/td>\n<td class=\"has-text-align-right\" data-align=\"right\">4.5 mm<\/td>\n<\/tr>\n<tr>\n<td>Relaci\u00f3 de gir<\/td>\n<td class=\"has-text-align-right\" data-align=\"right\">1v=5 nums<\/td>\n<\/tr>\n<tr>\n<td>Posada a zero<\/td>\n<td class=\"has-text-align-right\" data-align=\"right\">Rulina<\/td>\n<\/tr>\n<\/tbody>\n<\/table>\n&nbsp;\n\n<a href=\"https:\/\/talleres-emit.com\/wp-content\/uploads\/2023\/05\/7r.pdf\" target=\"_blank\" rel=\"noopener\">Descarregar fitxa t\u00e8cnica<\/a><\/div><p class=\"product-excerpt\">Especial per a traballar en ambients adversos: ind\u00fastries conserveres, ind\u00fastries qu\u00edmiques, intemp\u00e8rie, ...<\/p><\/div><\/div><div class=\"product-item\"><div class=\"product-header\"><img decoding=\"async\" src=\"https:\/\/talleres-emit.com\/wp-content\/uploads\/2023\/03\/6r.jpg\" alt=\"COMPTAVOLTES 6R\"><\/div><div class=\"product-body\"><h2>COMPTAVOLTES 6R<\/h2><div class=\"product-content\"><table class=\"has-global-color-4-background-color has-background\">\n<tbody>\n<tr>\n<td>N<strong>\u00ba<\/strong> de xifres<\/td>\n<td class=\"has-text-align-right\" data-align=\"right\">5<\/td>\n<\/tr>\n<tr>\n<td>Altura de les xifres<\/td>\n<td class=\"has-text-align-right\" data-align=\"right\">8 mm<\/td>\n<\/tr>\n<tr>\n<td>Admissi\u00f3 M\u00e0xima<\/td>\n<td class=\"has-text-align-right\" data-align=\"right\">600 rpm<\/td>\n<\/tr>\n<tr>\n<td>Posada a zero<\/td>\n<td class=\"has-text-align-right\" data-align=\"right\"><span style=\"font-family: -apple-system, system-ui, BlinkMacSystemFont, 'Segoe UI', Helvetica, Arial, sans-serif, 'Apple Color Emoji', 'Segoe UI Emoji', 'Segoe UI Symbol'; font-size: inherit;\">Clau<\/span><\/td>\n<\/tr>\n<\/tbody>\n<\/table>\n&nbsp;\n\n<a href=\"https:\/\/talleres-emit.com\/wp-content\/uploads\/2023\/05\/5r.pdf\" target=\"_blank\" rel=\"noopener\">Descarregar fitxa t\u00e8cnica<\/a><\/div><p class=\"product-excerpt\">Eix d'impuls en ambd\u00f3s costats. Suma\/Resta i sentit de gir segons comanda.<\/p><\/div><\/div><div class=\"product-item\"><div class=\"product-header\"><img decoding=\"async\" src=\"https:\/\/talleres-emit.com\/wp-content\/uploads\/2023\/03\/7r.jpg\" alt=\"COMPTAVOLTES 7R\"><\/div><div class=\"product-body\"><h2>COMPTAVOLTES 7R<\/h2><div class=\"product-content\"><table class=\"has-global-color-4-background-color has-background\">\n<tbody>\n<tr>\n<td>N<strong>\u00ba<\/strong> de xifres<\/td>\n<td class=\"has-text-align-right\" data-align=\"right\">5<\/td>\n<\/tr>\n<tr>\n<td>Altura de les xifres<\/td>\n<td class=\"has-text-align-right\" data-align=\"right\">4.5 mm<\/td>\n<\/tr>\n<tr>\n<td>Admissi\u00f3 M\u00e0xima<\/td>\n<td class=\"has-text-align-right\" data-align=\"right\">200 rpm<\/td>\n<\/tr>\n<tr>\n<td>Posada a zero<\/td>\n<td class=\"has-text-align-right\" data-align=\"right\">Polsador<\/td>\n<\/tr>\n<\/tbody>\n<\/table>\n&nbsp;\n\n<a href=\"https:\/\/talleres-emit.com\/wp-content\/uploads\/2023\/05\/7r.pdf\" target=\"_blank\" rel=\"noopener\">Descarregar fitxa t\u00e8cnica<\/a><\/div><p class=\"product-excerpt\">Eix d'impuls a la dreta. Suma\/Resta i sentit de gir segons comanda.\nEspecial per a m\u00e0quines comptamonedes.<\/p><\/div><\/div><div class=\"product-item\"><div class=\"product-header\"><img decoding=\"async\" src=\"https:\/\/talleres-emit.com\/wp-content\/uploads\/2023\/03\/9r.jpg\" alt=\"COMPTAVOLTES 9R\"><\/div><div class=\"product-body\"><h2>COMPTAVOLTES 9R<\/h2><div class=\"product-content\"><table class=\"has-global-color-4-background-color has-background\">\n<tbody>\n<tr>\n<td>N<strong>\u00ba<\/strong> de xifres<\/td>\n<td class=\"has-text-align-right\" data-align=\"right\">5<\/td>\n<\/tr>\n<tr>\n<td>Altura de les xifres<\/td>\n<td class=\"has-text-align-right\" data-align=\"right\">4.5 mm<\/td>\n<\/tr>\n<tr>\n<td>Admissi\u00f3 M\u00e0xima<\/td>\n<td class=\"has-text-align-right\" data-align=\"right\">6000 cpm<\/td>\n<\/tr>\n<tr>\n<td>Posada a zero<\/td>\n<td class=\"has-text-align-right\" data-align=\"right\">Polsador<\/td>\n<\/tr>\n<\/tbody>\n<\/table>\n&nbsp;\n\n<a href=\"https:\/\/talleres-emit.com\/wp-content\/uploads\/2023\/05\/9r.pdf\" target=\"_blank\" rel=\"noopener\">Descarregar fitxa t\u00e8cnica<\/a><\/div><p class=\"product-excerpt\">Suma independentment del sentit de gir.\nPunta de goma addicional (RGNR).\n<\/p><\/div><\/div><div class=\"product-item\"><div class=\"product-header\"><img decoding=\"async\" src=\"https:\/\/talleres-emit.com\/wp-content\/uploads\/2023\/04\/5RZ.jpg\" alt=\"COMPTACOPS 5RZ\"><\/div><div class=\"product-body\"><h2>COMPTACOPS 5RZ<\/h2><div class=\"product-content\"><table class=\"has-global-color-4-background-color has-background\">\r\n<tbody>\r\n<tr>\r\n<td>N<strong>\u00ba<\/strong> de xifres<\/td>\r\n<td class=\"has-text-align-right\" data-align=\"right\">5<\/td>\r\n<\/tr>\r\n<tr>\r\n<td>Altura de les xifres<\/td>\r\n<td class=\"has-text-align-right\" data-align=\"right\">4 mm<\/td>\r\n<\/tr>\r\n<tr>\r\n<td>Admisi\u00f3 m\u00e0xima<\/td>\r\n<td class=\"has-text-align-right\" data-align=\"right\">1500 rev\/min<\/td>\r\n<\/tr>\r\n<tr>\r\n<td>Posada a Zero<\/td>\r\n<td class=\"has-text-align-right\" data-align=\"right\">Rulina<\/td>\r\n<\/tr>\r\n<tr>\r\n<td>Pes<\/td>\r\n<td class=\"has-text-align-right\" data-align=\"right\">0,125kg<\/td>\r\n<\/tr>\r\n<\/tbody>\r\n<\/table>\r\n&nbsp;\r\n\r\n<a href=\"https:\/\/talleres-emit.com\/wp-content\/uploads\/2024\/01\/5RZ.6RZ.pdf\" target=\"_blank\" rel=\"noopener\">Descarregar fitxa t\u00e8cnica<\/a><\/div><p class=\"product-excerpt\">Eix d'impuls als dos costats \r\nSuma\/resta i sentit de gir segons comanda <\/p><\/div><\/div><div class=\"product-item\"><div class=\"product-header\"><img decoding=\"async\" src=\"https:\/\/talleres-emit.com\/wp-content\/uploads\/2023\/04\/emit_6RZ.jpg\" alt=\"COMPTACOPS 6RZ\"><\/div><div class=\"product-body\"><h2>COMPTACOPS 6RZ<\/h2><div class=\"product-content\"><table class=\"has-global-color-4-background-color has-background\">\r\n<tbody>\r\n<tr>\r\n<td>N<strong>\u00ba<\/strong> de xifres<\/td>\r\n<td class=\"has-text-align-right\" data-align=\"right\">6<\/td>\r\n<\/tr>\r\n<tr>\r\n<td>Altura de les xifres<\/td>\r\n<td class=\"has-text-align-right\" data-align=\"right\">4,5 mm<\/td>\r\n<\/tr>\r\n<tr>\r\n<td>Admisi\u00f3 m\u00e0xima<\/td>\r\n<td class=\"has-text-align-right\" data-align=\"right\">2000 rev\/min<\/td>\r\n<\/tr>\r\n<tr>\r\n<td>Posada a Zero<\/td>\r\n<td class=\"has-text-align-right\" data-align=\"right\">Palanca<\/td>\r\n<\/tr>\r\n<tr>\r\n<td>Pes<\/td>\r\n<td class=\"has-text-align-right\" data-align=\"right\"><span style=\"font-family: -apple-system, system-ui, BlinkMacSystemFont, 'Segoe UI', Helvetica, Arial, sans-serif, 'Apple Color Emoji', 'Segoe UI Emoji', 'Segoe UI Symbol'; font-size: inherit;\">0,250 kg<\/span><\/td>\r\n<\/tr>\r\n<\/tbody>\r\n<\/table>\r\n&nbsp;\r\n\r\n<a href=\"https:\/\/talleres-emit.com\/wp-content\/uploads\/2024\/01\/5RZ.6RZ.pdf\" target=\"_blank\" rel=\"noopener\">Descarregar fitxa t\u00e8cnica<\/a><\/div><p class=\"product-excerpt\">Eix d'impuls als dos costats \r\nSuma\/resta i sentit de gir segons comanda <\/p><\/div><\/div><div class=\"product-item\"><div class=\"product-header\"><img decoding=\"async\" src=\"https:\/\/talleres-emit.com\/wp-content\/uploads\/2023\/11\/6RRImagen1-002-e1710924011182.jpg\" alt=\"COMPTAVOLTES 6RR\"><\/div><div class=\"product-body\"><h2>COMPTAVOLTES 6RR<\/h2><div class=\"product-content\"><table class=\"has-global-color-4-background-color has-background\">\r\n<tbody>\r\n<tr>\r\n<td>N<strong>\u00ba<\/strong> de xifres<\/td>\r\n<td class=\"has-text-align-right\" data-align=\"right\">6<\/td>\r\n<\/tr>\r\n<tr>\r\n<td>Altura de les xifres<\/td>\r\n<td class=\"has-text-align-right\" data-align=\"right\">7 mm<\/td>\r\n<\/tr>\r\n<tr>\r\n<td>Admisi\u00f3 m\u00e0xima<\/td>\r\n<td class=\"has-text-align-right\" data-align=\"right\">6000 Rev\/min<\/td>\r\n<\/tr>\r\n<tr>\r\n<td>Posada a Zero<\/td>\r\n<td class=\"has-text-align-right\" data-align=\"right\">Polsador Frontal<\/td>\r\n<\/tr>\r\n<tr>\r\n<td>Pes<\/td>\r\n<td class=\"has-text-align-right\" data-align=\"right\">0,750 kg<\/td>\r\n<\/tr>\r\n<\/tbody>\r\n<\/table>\r\n&nbsp;\r\n\r\n<a href=\"https:\/\/talleres-emit.com\/wp-content\/uploads\/2024\/01\/6RR.pdf\" target=\"_blank\" rel=\"noopener\">Descarregar fitxa t\u00e8cnica<\/a><\/div><p class=\"product-excerpt\">Eix d'impuls als dos costats \r\nSuma\/resta i sentit de gir segons comanda \r\n<\/p><\/div><\/div><div class=\"product-item\"><div class=\"product-header\"><img decoding=\"async\" src=\"https:\/\/talleres-emit.com\/wp-content\/uploads\/2023\/03\/12epr.jpg\" alt=\"COMPTAVOLTES PRESELECCI\u00d3 12EPR\"><\/div><div class=\"product-body\"><h2>COMPTAVOLTES PRESELECCI\u00d3 12EPR<\/h2><div class=\"product-content\"><table class=\"has-global-color-4-background-color has-background\">\r\n<tbody>\r\n<tr>\r\n<td>N<strong>\u00ba<\/strong> de xifres<\/td>\r\n<td class=\"has-text-align-right\" data-align=\"right\">5<\/td>\r\n<\/tr>\r\n<tr>\r\n<td>Altura de les xifres<\/td>\r\n<td class=\"has-text-align-right\" data-align=\"right\">7 mm<\/td>\r\n<\/tr>\r\n<tr>\r\n<td>Posada a zero<\/td>\r\n<td class=\"has-text-align-right\" data-align=\"right\">Polsador<\/td>\r\n<\/tr>\r\n<tr>\r\n<td>Pes<\/td>\r\n<td class=\"has-text-align-right\" data-align=\"right\">0,430Kg<\/td>\r\n<\/tr>\r\n<\/tbody>\r\n<\/table>\r\n&nbsp;\r\n\r\n<a href=\"https:\/\/talleres-emit.com\/wp-content\/uploads\/2023\/05\/12epr.pdf\" target=\"_blank\" rel=\"noopener\">Descarregar fitxa t\u00e8cnica<\/a><\/div><p class=\"product-excerpt\">Eix d'impuls en ambd\u00f3s costats. Suma\/Resta i sentit de gir segons comanda.\r\nRelaci\u00f3 de gir: 1 volta = 1 n\u00famero\r\nTalla el senyal el\u00e8ctric quan arriba a zero, restant des d'una xifra pr\u00e8viament seleccionada.<\/p><\/div><\/div><\/div>\n","protected":false},"excerpt":{"rendered":"<p>COMPTAVOLTES<\/p>\n","protected":false},"author":3,"featured_media":0,"parent":4686,"menu_order":0,"comment_status":"closed","ping_status":"closed","template":"","meta":{"footnotes":""},"yoast_head":"<!-- This site is optimized with the Yoast SEO plugin v22.1 - https:\/\/yoast.com\/wordpress\/plugins\/seo\/ -->\n<title>Comptavoltes - Talleres Emit<\/title>\n<meta name=\"robots\" content=\"index, follow, max-snippet:-1, max-image-preview:large, max-video-preview:-1\" \/>\n<link rel=\"canonical\" href=\"https:\/\/talleres-emit.com\/ca\/comptadors-mecanics\/comptavoltes\/\" \/>\n<meta property=\"og:locale\" content=\"ca_ES\" \/>\n<meta property=\"og:type\" content=\"article\" \/>\n<meta property=\"og:title\" content=\"Comptavoltes - Talleres Emit\" \/>\n<meta property=\"og:description\" content=\"COMPTAVOLTES\" \/>\n<meta property=\"og:url\" content=\"https:\/\/talleres-emit.com\/ca\/comptadors-mecanics\/comptavoltes\/\" \/>\n<meta property=\"og:site_name\" content=\"Talleres Emit\" \/>\n<meta property=\"article:modified_time\" content=\"2024-02-26T06:11:10+00:00\" \/>\n<meta name=\"twitter:card\" content=\"summary_large_image\" \/>\n<meta name=\"twitter:label1\" content=\"Temps estimat de lectura\" \/>\n\t<meta name=\"twitter:data1\" content=\"1 minut\" \/>\n<script type=\"application\/ld+json\" class=\"yoast-schema-graph\">{\"@context\":\"https:\/\/schema.org\",\"@graph\":[{\"@type\":\"WebPage\",\"@id\":\"https:\/\/talleres-emit.com\/ca\/comptadors-mecanics\/comptavoltes\/\",\"url\":\"https:\/\/talleres-emit.com\/ca\/comptadors-mecanics\/comptavoltes\/\",\"name\":\"Comptavoltes - Talleres Emit\",\"isPartOf\":{\"@id\":\"https:\/\/talleres-emit.com\/ca\/#website\"},\"datePublished\":\"2023-03-16T07:48:44+00:00\",\"dateModified\":\"2024-02-26T06:11:10+00:00\",\"breadcrumb\":{\"@id\":\"https:\/\/talleres-emit.com\/ca\/comptadors-mecanics\/comptavoltes\/#breadcrumb\"},\"inLanguage\":\"ca\",\"potentialAction\":[{\"@type\":\"ReadAction\",\"target\":[\"https:\/\/talleres-emit.com\/ca\/comptadors-mecanics\/comptavoltes\/\"]}]},{\"@type\":\"BreadcrumbList\",\"@id\":\"https:\/\/talleres-emit.com\/ca\/comptadors-mecanics\/comptavoltes\/#breadcrumb\",\"itemListElement\":[{\"@type\":\"ListItem\",\"position\":1,\"name\":\"Portada\",\"item\":\"https:\/\/talleres-emit.com\/ca\/\"},{\"@type\":\"ListItem\",\"position\":2,\"name\":\"Comptadors Mec\u00e0nics\",\"item\":\"https:\/\/talleres-emit.com\/ca\/comptadors-mecanics\/\"},{\"@type\":\"ListItem\",\"position\":3,\"name\":\"Comptavoltes\"}]},{\"@type\":\"WebSite\",\"@id\":\"https:\/\/talleres-emit.com\/ca\/#website\",\"url\":\"https:\/\/talleres-emit.com\/ca\/\",\"name\":\"Talleres Emit\",\"description\":\"\",\"publisher\":{\"@id\":\"https:\/\/talleres-emit.com\/ca\/#organization\"},\"potentialAction\":[{\"@type\":\"SearchAction\",\"target\":{\"@type\":\"EntryPoint\",\"urlTemplate\":\"https:\/\/talleres-emit.com\/ca\/?s={search_term_string}\"},\"query-input\":\"required name=search_term_string\"}],\"inLanguage\":\"ca\"},{\"@type\":\"Organization\",\"@id\":\"https:\/\/talleres-emit.com\/ca\/#organization\",\"name\":\"Talleres Emit\",\"url\":\"https:\/\/talleres-emit.com\/ca\/\",\"logo\":{\"@type\":\"ImageObject\",\"inLanguage\":\"ca\",\"@id\":\"https:\/\/talleres-emit.com\/ca\/#\/schema\/logo\/image\/\",\"url\":\"https:\/\/talleres-emit.com\/wp-content\/uploads\/2023\/03\/logo.png\",\"contentUrl\":\"https:\/\/talleres-emit.com\/wp-content\/uploads\/2023\/03\/logo.png\",\"width\":206,\"height\":82,\"caption\":\"Talleres Emit\"},\"image\":{\"@id\":\"https:\/\/talleres-emit.com\/ca\/#\/schema\/logo\/image\/\"}}]}<\/script>\n<!-- \/ Yoast SEO plugin. -->","yoast_head_json":{"title":"Comptavoltes - Talleres Emit","robots":{"index":"index","follow":"follow","max-snippet":"max-snippet:-1","max-image-preview":"max-image-preview:large","max-video-preview":"max-video-preview:-1"},"canonical":"https:\/\/talleres-emit.com\/ca\/comptadors-mecanics\/comptavoltes\/","og_locale":"ca_ES","og_type":"article","og_title":"Comptavoltes - Talleres Emit","og_description":"COMPTAVOLTES","og_url":"https:\/\/talleres-emit.com\/ca\/comptadors-mecanics\/comptavoltes\/","og_site_name":"Talleres Emit","article_modified_time":"2024-02-26T06:11:10+00:00","twitter_card":"summary_large_image","twitter_misc":{"Temps estimat de lectura":"1 minut"},"schema":{"@context":"https:\/\/schema.org","@graph":[{"@type":"WebPage","@id":"https:\/\/talleres-emit.com\/ca\/comptadors-mecanics\/comptavoltes\/","url":"https:\/\/talleres-emit.com\/ca\/comptadors-mecanics\/comptavoltes\/","name":"Comptavoltes - Talleres Emit","isPartOf":{"@id":"https:\/\/talleres-emit.com\/ca\/#website"},"datePublished":"2023-03-16T07:48:44+00:00","dateModified":"2024-02-26T06:11:10+00:00","breadcrumb":{"@id":"https:\/\/talleres-emit.com\/ca\/comptadors-mecanics\/comptavoltes\/#breadcrumb"},"inLanguage":"ca","potentialAction":[{"@type":"ReadAction","target":["https:\/\/talleres-emit.com\/ca\/comptadors-mecanics\/comptavoltes\/"]}]},{"@type":"BreadcrumbList","@id":"https:\/\/talleres-emit.com\/ca\/comptadors-mecanics\/comptavoltes\/#breadcrumb","itemListElement":[{"@type":"ListItem","position":1,"name":"Portada","item":"https:\/\/talleres-emit.com\/ca\/"},{"@type":"ListItem","position":2,"name":"Comptadors Mec\u00e0nics","item":"https:\/\/talleres-emit.com\/ca\/comptadors-mecanics\/"},{"@type":"ListItem","position":3,"name":"Comptavoltes"}]},{"@type":"WebSite","@id":"https:\/\/talleres-emit.com\/ca\/#website","url":"https:\/\/talleres-emit.com\/ca\/","name":"Talleres Emit","description":"","publisher":{"@id":"https:\/\/talleres-emit.com\/ca\/#organization"},"potentialAction":[{"@type":"SearchAction","target":{"@type":"EntryPoint","urlTemplate":"https:\/\/talleres-emit.com\/ca\/?s={search_term_string}"},"query-input":"required name=search_term_string"}],"inLanguage":"ca"},{"@type":"Organization","@id":"https:\/\/talleres-emit.com\/ca\/#organization","name":"Talleres Emit","url":"https:\/\/talleres-emit.com\/ca\/","logo":{"@type":"ImageObject","inLanguage":"ca","@id":"https:\/\/talleres-emit.com\/ca\/#\/schema\/logo\/image\/","url":"https:\/\/talleres-emit.com\/wp-content\/uploads\/2023\/03\/logo.png","contentUrl":"https:\/\/talleres-emit.com\/wp-content\/uploads\/2023\/03\/logo.png","width":206,"height":82,"caption":"Talleres Emit"},"image":{"@id":"https:\/\/talleres-emit.com\/ca\/#\/schema\/logo\/image\/"}}]}},"_links":{"self":[{"href":"https:\/\/talleres-emit.com\/ca\/wp-json\/wp\/v2\/pages\/4833"}],"collection":[{"href":"https:\/\/talleres-emit.com\/ca\/wp-json\/wp\/v2\/pages"}],"about":[{"href":"https:\/\/talleres-emit.com\/ca\/wp-json\/wp\/v2\/types\/page"}],"author":[{"embeddable":true,"href":"https:\/\/talleres-emit.com\/ca\/wp-json\/wp\/v2\/users\/3"}],"replies":[{"embeddable":true,"href":"https:\/\/talleres-emit.com\/ca\/wp-json\/wp\/v2\/comments?post=4833"}],"version-history":[{"count":4,"href":"https:\/\/talleres-emit.com\/ca\/wp-json\/wp\/v2\/pages\/4833\/revisions"}],"predecessor-version":[{"id":6440,"href":"https:\/\/talleres-emit.com\/ca\/wp-json\/wp\/v2\/pages\/4833\/revisions\/6440"}],"up":[{"embeddable":true,"href":"https:\/\/talleres-emit.com\/ca\/wp-json\/wp\/v2\/pages\/4686"}],"wp:attachment":[{"href":"https:\/\/talleres-emit.com\/ca\/wp-json\/wp\/v2\/media?parent=4833"}],"curies":[{"name":"wp","href":"https:\/\/api.w.org\/{rel}","templated":true}]}}