{"id":4686,"date":"2023-03-15T11:04:18","date_gmt":"2023-03-15T10:04:18","guid":{"rendered":"https:\/\/talleres-emit.com\/contadores-mecanicos\/"},"modified":"2024-02-26T04:10:43","modified_gmt":"2024-02-26T03:10:43","slug":"comptadors-mecanics","status":"publish","type":"page","link":"https:\/\/talleres-emit.com\/ca\/comptadors-mecanics\/","title":{"rendered":"Comptadors Mec\u00e0nics"},"content":{"rendered":"<div class=\"gb-container gb-container-c15f0ff5\">\n\n<h2 class=\"gb-headline gb-headline-41392043 gb-headline-text\">COMPTADORS <mark class=\"gb-highlight\">MEC\u00c0NICS<\/mark><\/h2>\n\n<\/div>\n\n<div class=\"gb-container gb-container-4f9e220b alignfull\">\n<div class=\"gb-grid-wrapper gb-grid-wrapper-4b8418f9\">\n<div class=\"gb-grid-column gb-grid-column-f90c25fd\"><div class=\"gb-container gb-container-f90c25fd\">\n\n<p class=\"gb-headline gb-headline-4368c1c7 gb-headline-text\">Si cerques una eina fiable precisa per mesurar i controlar els teus processos industrials, un comptador mec\u00e0nic \u00e9s la soluci\u00f3 perfecta.<\/p>\n\n\n\n<p class=\"gb-headline gb-headline-3f3bfdde gb-headline-text\">Els comptadors mec\u00e0nics s\u00f3n dispositius duradors i robusts dissenyats per als entorns industrials.<\/p>\n\n\n\n<p class=\"gb-headline gb-headline-a379967c gb-headline-text\">A EMIT oferim una \u00e0mplia varietat de comptadors mec\u00e0nics d&#8217;alta qualitat perqu\u00e8 puguis triar el model que millor s&#8217;adapti a les teves necessitats. Ja sigui que per controlar els teus processos de producci\u00f3, pel comptatge de peces, comptar metres, revolucions etc.<\/p>\n\n<\/div><\/div>\n\n<div class=\"gb-grid-column gb-grid-column-189d3851\"><div class=\"gb-container gb-container-189d3851\">\n<div class=\"gb-container gb-container-ea3a14aa\">\n\n<p class=\"gb-headline gb-headline-4ca2d11b gb-headline-text\">Tenim el comptador m\u00e9s adequat per al teu negoci. Visita la nostra web i troba el comptador que est\u00e0s buscant o senzillament posa&#8217;t en contacte amb nosaltres a trav\u00e9s de la nostra pestanya de contacte.<\/p>\n\n<\/div>\n\n<div class=\"gb-container gb-container-9ee6c08f\"><\/div>\n<\/div><\/div>\n<\/div>\n<\/div>\n\n<div class=\"gb-container gb-container-a2eae4d6 midbloq\">\n<div class=\"gb-grid-wrapper gb-grid-wrapper-d83c5b24\">\n<div class=\"gb-grid-column gb-grid-column-b62f45a0\"><div class=\"gb-container gb-container-b62f45a0 mbc1\"><a class=\"gb-container-link\" href=\"https:\/\/talleres-emit.com\/ca\/comptadors-mecanics\/comptagolpes\/\"><\/a>\n<div class=\"gb-container gb-container-4b8162ec\">\n\n<figure class=\"gb-block-image gb-block-image-476af241\"><img loading=\"lazy\" decoding=\"async\" width=\"165\" height=\"153\" class=\"gb-image gb-image-476af241\" src=\"https:\/\/talleres-emit.com\/wp-content\/uploads\/2023\/03\/m47g.jpg\" alt=\"M47g\" title=\"M47g\"\/>\n<figcaption class=\"gb-headline gb-headline-fdfde4a0 gb-headline-text\"><strong><strong>Comptacops<\/strong><\/strong><\/figcaption>\n<\/figure>\n\n<\/div>\n<\/div><\/div>\n\n<div class=\"gb-grid-column gb-grid-column-c9e253ab\"><div class=\"gb-container gb-container-c9e253ab mbc2\"><a class=\"gb-container-link\" href=\"https:\/\/talleres-emit.com\/ca\/comptadors-mecanics\/comptavoltes\/\"><\/a>\n<div class=\"gb-container gb-container-5d72b1a3\">\n\n<figure class=\"gb-block-image gb-block-image-214741f6\"><img loading=\"lazy\" decoding=\"async\" width=\"165\" height=\"153\" class=\"gb-image gb-image-214741f6\" src=\"https:\/\/talleres-emit.com\/wp-content\/uploads\/2023\/03\/5re.jpg\" alt=\"5re\" title=\"5re\"\/>\n<figcaption class=\"gb-headline gb-headline-615839dd gb-headline-text\"><strong><strong>Comptavoltes<\/strong><\/strong><\/figcaption>\n<\/figure>\n\n<\/div>\n<\/div><\/div>\n\n<div class=\"gb-grid-column gb-grid-column-5b97ec01\"><div class=\"gb-container gb-container-5b97ec01 mbc3\"><a class=\"gb-container-link\" href=\"https:\/\/talleres-emit.com\/ca\/comptadors-mecanics\/comptametres\/\"><\/a>\n<div class=\"gb-container gb-container-c96e2899\">\n\n<figure class=\"gb-block-image gb-block-image-b3329f90\"><img loading=\"lazy\" decoding=\"async\" width=\"150\" height=\"150\" class=\"gb-image gb-image-b3329f90\" src=\"https:\/\/talleres-emit.com\/wp-content\/uploads\/2023\/04\/24mpg-e1708192717557-150x150.jpg\" alt=\"24mpg\" title=\"24mpg\" srcset=\"https:\/\/talleres-emit.com\/wp-content\/uploads\/2023\/04\/24mpg-e1708192717557-150x150.jpg 150w, https:\/\/talleres-emit.com\/wp-content\/uploads\/2023\/04\/24mpg-e1708192717557.jpg 165w\" sizes=\"(max-width: 150px) 100vw, 150px\" \/>\n<figcaption class=\"gb-headline gb-headline-b2509bb2 gb-headline-text\"><strong><strong>Comptametres<\/strong><\/strong><\/figcaption>\n<\/figure>\n\n<\/div>\n<\/div><\/div>\n\n<div class=\"gb-grid-column gb-grid-column-9841cc15\"><div class=\"gb-container gb-container-9841cc15 mbc4\"><a class=\"gb-container-link\" href=\"https:\/\/talleres-emit.com\/ca\/comptadors-mecanics\/visualitzadors\/\"><\/a>\n<div class=\"gb-container gb-container-d6dca4cd\">\n\n<figure class=\"gb-block-image gb-block-image-6384d5a2\"><img loading=\"lazy\" decoding=\"async\" width=\"165\" height=\"153\" class=\"gb-image gb-image-6384d5a2\" src=\"https:\/\/talleres-emit.com\/wp-content\/uploads\/2023\/12\/cb87.jpg\" alt=\"Cb87\" title=\"Cb87\"\/>\n<figcaption class=\"gb-headline gb-headline-6a6f1cf1 gb-headline-text\"><strong><strong><strong>Visualitzadors<\/strong><\/strong><\/strong><\/figcaption>\n<\/figure>\n\n<\/div>\n<\/div><\/div>\n<\/div>\n<\/div>","protected":false},"excerpt":{"rendered":"<p>COMPTADORS MEC\u00c0NICS<\/p>\n","protected":false},"author":3,"featured_media":0,"parent":0,"menu_order":0,"comment_status":"closed","ping_status":"closed","template":"","meta":{"footnotes":""},"yoast_head":"<!-- This site is optimized with the Yoast SEO plugin v22.1 - https:\/\/yoast.com\/wordpress\/plugins\/seo\/ -->\n<title>Comptadors Mec\u00e0nics - Talleres Emit<\/title>\n<meta name=\"robots\" content=\"index, follow, max-snippet:-1, max-image-preview:large, max-video-preview:-1\" \/>\n<link rel=\"canonical\" href=\"https:\/\/talleres-emit.com\/ca\/comptadors-mecanics\/\" \/>\n<meta property=\"og:locale\" content=\"ca_ES\" \/>\n<meta property=\"og:type\" content=\"article\" \/>\n<meta property=\"og:title\" content=\"Comptadors Mec\u00e0nics - Talleres Emit\" \/>\n<meta property=\"og:description\" content=\"COMPTADORS MEC\u00c0NICS\" \/>\n<meta property=\"og:url\" content=\"https:\/\/talleres-emit.com\/ca\/comptadors-mecanics\/\" \/>\n<meta property=\"og:site_name\" content=\"Talleres Emit\" \/>\n<meta property=\"article:modified_time\" content=\"2024-02-26T03:10:43+00:00\" \/>\n<meta property=\"og:image\" content=\"https:\/\/talleres-emit.com\/wp-content\/uploads\/2023\/03\/m47g.jpg\" \/>\n<meta name=\"twitter:card\" content=\"summary_large_image\" \/>\n<meta name=\"twitter:label1\" content=\"Temps estimat de lectura\" \/>\n\t<meta name=\"twitter:data1\" content=\"2 minuts\" \/>\n<script type=\"application\/ld+json\" class=\"yoast-schema-graph\">{\"@context\":\"https:\/\/schema.org\",\"@graph\":[{\"@type\":\"WebPage\",\"@id\":\"https:\/\/talleres-emit.com\/ca\/comptadors-mecanics\/\",\"url\":\"https:\/\/talleres-emit.com\/ca\/comptadors-mecanics\/\",\"name\":\"Comptadors Mec\u00e0nics - Talleres Emit\",\"isPartOf\":{\"@id\":\"https:\/\/talleres-emit.com\/ca\/#website\"},\"datePublished\":\"2023-03-15T10:04:18+00:00\",\"dateModified\":\"2024-02-26T03:10:43+00:00\",\"breadcrumb\":{\"@id\":\"https:\/\/talleres-emit.com\/ca\/comptadors-mecanics\/#breadcrumb\"},\"inLanguage\":\"ca\",\"potentialAction\":[{\"@type\":\"ReadAction\",\"target\":[\"https:\/\/talleres-emit.com\/ca\/comptadors-mecanics\/\"]}]},{\"@type\":\"BreadcrumbList\",\"@id\":\"https:\/\/talleres-emit.com\/ca\/comptadors-mecanics\/#breadcrumb\",\"itemListElement\":[{\"@type\":\"ListItem\",\"position\":1,\"name\":\"Portada\",\"item\":\"https:\/\/talleres-emit.com\/ca\/\"},{\"@type\":\"ListItem\",\"position\":2,\"name\":\"Comptadors Mec\u00e0nics\"}]},{\"@type\":\"WebSite\",\"@id\":\"https:\/\/talleres-emit.com\/ca\/#website\",\"url\":\"https:\/\/talleres-emit.com\/ca\/\",\"name\":\"Talleres Emit\",\"description\":\"\",\"publisher\":{\"@id\":\"https:\/\/talleres-emit.com\/ca\/#organization\"},\"potentialAction\":[{\"@type\":\"SearchAction\",\"target\":{\"@type\":\"EntryPoint\",\"urlTemplate\":\"https:\/\/talleres-emit.com\/ca\/?s={search_term_string}\"},\"query-input\":\"required name=search_term_string\"}],\"inLanguage\":\"ca\"},{\"@type\":\"Organization\",\"@id\":\"https:\/\/talleres-emit.com\/ca\/#organization\",\"name\":\"Talleres Emit\",\"url\":\"https:\/\/talleres-emit.com\/ca\/\",\"logo\":{\"@type\":\"ImageObject\",\"inLanguage\":\"ca\",\"@id\":\"https:\/\/talleres-emit.com\/ca\/#\/schema\/logo\/image\/\",\"url\":\"https:\/\/talleres-emit.com\/wp-content\/uploads\/2023\/03\/logo.png\",\"contentUrl\":\"https:\/\/talleres-emit.com\/wp-content\/uploads\/2023\/03\/logo.png\",\"width\":206,\"height\":82,\"caption\":\"Talleres Emit\"},\"image\":{\"@id\":\"https:\/\/talleres-emit.com\/ca\/#\/schema\/logo\/image\/\"}}]}<\/script>\n<!-- \/ Yoast SEO plugin. -->","yoast_head_json":{"title":"Comptadors Mec\u00e0nics - Talleres Emit","robots":{"index":"index","follow":"follow","max-snippet":"max-snippet:-1","max-image-preview":"max-image-preview:large","max-video-preview":"max-video-preview:-1"},"canonical":"https:\/\/talleres-emit.com\/ca\/comptadors-mecanics\/","og_locale":"ca_ES","og_type":"article","og_title":"Comptadors Mec\u00e0nics - Talleres Emit","og_description":"COMPTADORS MEC\u00c0NICS","og_url":"https:\/\/talleres-emit.com\/ca\/comptadors-mecanics\/","og_site_name":"Talleres Emit","article_modified_time":"2024-02-26T03:10:43+00:00","og_image":[{"url":"https:\/\/talleres-emit.com\/wp-content\/uploads\/2023\/03\/m47g.jpg"}],"twitter_card":"summary_large_image","twitter_misc":{"Temps estimat de lectura":"2 minuts"},"schema":{"@context":"https:\/\/schema.org","@graph":[{"@type":"WebPage","@id":"https:\/\/talleres-emit.com\/ca\/comptadors-mecanics\/","url":"https:\/\/talleres-emit.com\/ca\/comptadors-mecanics\/","name":"Comptadors Mec\u00e0nics - Talleres Emit","isPartOf":{"@id":"https:\/\/talleres-emit.com\/ca\/#website"},"datePublished":"2023-03-15T10:04:18+00:00","dateModified":"2024-02-26T03:10:43+00:00","breadcrumb":{"@id":"https:\/\/talleres-emit.com\/ca\/comptadors-mecanics\/#breadcrumb"},"inLanguage":"ca","potentialAction":[{"@type":"ReadAction","target":["https:\/\/talleres-emit.com\/ca\/comptadors-mecanics\/"]}]},{"@type":"BreadcrumbList","@id":"https:\/\/talleres-emit.com\/ca\/comptadors-mecanics\/#breadcrumb","itemListElement":[{"@type":"ListItem","position":1,"name":"Portada","item":"https:\/\/talleres-emit.com\/ca\/"},{"@type":"ListItem","position":2,"name":"Comptadors Mec\u00e0nics"}]},{"@type":"WebSite","@id":"https:\/\/talleres-emit.com\/ca\/#website","url":"https:\/\/talleres-emit.com\/ca\/","name":"Talleres Emit","description":"","publisher":{"@id":"https:\/\/talleres-emit.com\/ca\/#organization"},"potentialAction":[{"@type":"SearchAction","target":{"@type":"EntryPoint","urlTemplate":"https:\/\/talleres-emit.com\/ca\/?s={search_term_string}"},"query-input":"required name=search_term_string"}],"inLanguage":"ca"},{"@type":"Organization","@id":"https:\/\/talleres-emit.com\/ca\/#organization","name":"Talleres Emit","url":"https:\/\/talleres-emit.com\/ca\/","logo":{"@type":"ImageObject","inLanguage":"ca","@id":"https:\/\/talleres-emit.com\/ca\/#\/schema\/logo\/image\/","url":"https:\/\/talleres-emit.com\/wp-content\/uploads\/2023\/03\/logo.png","contentUrl":"https:\/\/talleres-emit.com\/wp-content\/uploads\/2023\/03\/logo.png","width":206,"height":82,"caption":"Talleres Emit"},"image":{"@id":"https:\/\/talleres-emit.com\/ca\/#\/schema\/logo\/image\/"}}]}},"_links":{"self":[{"href":"https:\/\/talleres-emit.com\/ca\/wp-json\/wp\/v2\/pages\/4686"}],"collection":[{"href":"https:\/\/talleres-emit.com\/ca\/wp-json\/wp\/v2\/pages"}],"about":[{"href":"https:\/\/talleres-emit.com\/ca\/wp-json\/wp\/v2\/types\/page"}],"author":[{"embeddable":true,"href":"https:\/\/talleres-emit.com\/ca\/wp-json\/wp\/v2\/users\/3"}],"replies":[{"embeddable":true,"href":"https:\/\/talleres-emit.com\/ca\/wp-json\/wp\/v2\/comments?post=4686"}],"version-history":[{"count":4,"href":"https:\/\/talleres-emit.com\/ca\/wp-json\/wp\/v2\/pages\/4686\/revisions"}],"predecessor-version":[{"id":6298,"href":"https:\/\/talleres-emit.com\/ca\/wp-json\/wp\/v2\/pages\/4686\/revisions\/6298"}],"wp:attachment":[{"href":"https:\/\/talleres-emit.com\/ca\/wp-json\/wp\/v2\/media?parent=4686"}],"curies":[{"name":"wp","href":"https:\/\/api.w.org\/{rel}","templated":true}]}}